{"id":5353,"date":"2023-10-12T10:12:32","date_gmt":"2023-10-12T10:12:32","guid":{"rendered":"https:\/\/www.thecompanywindow.com\/baixades\/"},"modified":"2023-11-27T18:44:13","modified_gmt":"2023-11-27T18:44:13","slug":"baixades","status":"publish","type":"page","link":"https:\/\/www.thecompanywindow.com\/ca\/baixades\/","title":{"rendered":"Baixades"},"content":{"rendered":"\t\t<div data-elementor-type=\"wp-page\" data-elementor-id=\"5353\" class=\"elementor elementor-5353 elementor-3487\" data-elementor-post-type=\"page\">\n\t\t\t\t\t\t<section class=\"elementor-section elementor-top-section elementor-element elementor-element-d3f844e elementor-section-boxed elementor-section-height-default elementor-section-height-default\" data-id=\"d3f844e\" data-element_type=\"section\" data-e-type=\"section\">\n\t\t\t\t\t\t<div class=\"elementor-container elementor-column-gap-default\">\n\t\t\t\t\t<div class=\"elementor-column elementor-col-100 elementor-top-column elementor-element elementor-element-5d95906\" data-id=\"5d95906\" data-element_type=\"column\" data-e-type=\"column\">\n\t\t\t<div class=\"elementor-widget-wrap elementor-element-populated\">\n\t\t\t\t\t\t<div class=\"elementor-element elementor-element-22e8ea0 elementor-widget elementor-widget-heading\" data-id=\"22e8ea0\" data-element_type=\"widget\" data-e-type=\"widget\" data-widget_type=\"heading.default\">\n\t\t\t\t<div class=\"elementor-widget-container\">\n\t\t\t\t\t<h3 class=\"elementor-heading-title elementor-size-default\">Baixades Informaci\u00f3 t\u00e9cnica<\/h3>\t\t\t\t<\/div>\n\t\t\t\t<\/div>\n\t\t\t\t<div class=\"elementor-element elementor-element-5dfbb23 elementor-widget elementor-widget-text-editor\" data-id=\"5dfbb23\" data-element_type=\"widget\" data-e-type=\"widget\" data-widget_type=\"text-editor.default\">\n\t\t\t\t<div class=\"elementor-widget-container\">\n\t\t\t\t\t\t\t\t\t<p>A continuaci\u00f3 us facilitem l&#8217;acc\u00e9s a la informaci\u00f3 t\u00e8cnica de tots els nostres productes.<\/p>\n\t\t\t\t\t\t\t\t<\/div>\n\t\t\t\t<\/div>\n\t\t\t\t\t<\/div>\n\t\t<\/div>\n\t\t\t\t\t<\/div>\n\t\t<\/section>\n\t\t\t\t<section class=\"elementor-section elementor-top-section elementor-element elementor-element-31cebb5 elementor-section-boxed elementor-section-height-default elementor-section-height-default\" data-id=\"31cebb5\" data-element_type=\"section\" data-e-type=\"section\">\n\t\t\t\t\t\t<div class=\"elementor-container elementor-column-gap-default\">\n\t\t\t\t\t<div class=\"elementor-column elementor-col-16 elementor-top-column elementor-element elementor-element-f12632b\" data-id=\"f12632b\" data-element_type=\"column\" data-e-type=\"column\">\n\t\t\t<div class=\"elementor-widget-wrap elementor-element-populated\">\n\t\t\t\t\t\t<div class=\"elementor-element elementor-element-efbc264 elementor-widget elementor-widget-text-editor\" data-id=\"efbc264\" data-element_type=\"widget\" data-e-type=\"widget\" data-widget_type=\"text-editor.default\">\n\t\t\t\t<div class=\"elementor-widget-container\">\n\t\t\t\t\t\t\t\t\t<p><a href=\"http:\/\/www.thecompanywindow.com\/wp-content\/uploads\/2023\/10\/kaleido-color-rehau-2020.pdf\"><img decoding=\"async\" class=\"aligncenter wp-image-3492 size-full\" src=\"http:\/\/www.thecompanywindow.com\/wp-content\/uploads\/2023\/10\/4373076_adobe_file_logo_logos_pdf_icon.png\" alt=\"\" width=\"128\" height=\"128\" srcset=\"https:\/\/www.thecompanywindow.com\/wp-content\/uploads\/2023\/10\/4373076_adobe_file_logo_logos_pdf_icon.png 128w, https:\/\/www.thecompanywindow.com\/wp-content\/uploads\/2023\/10\/4373076_adobe_file_logo_logos_pdf_icon-100x100.png 100w\" sizes=\"(max-width: 128px) 100vw, 128px\" \/><\/a><\/p>\n<p style=\"text-align: center;\"><a href=\"http:\/\/www.thecompanywindow.com\/wp-content\/uploads\/2023\/10\/kaleido-color-rehau-2020.pdf\">Color Rehau Calidad 2020<\/a><\/p>\n\t\t\t\t\t\t\t\t<\/div>\n\t\t\t\t<\/div>\n\t\t\t\t\t<\/div>\n\t\t<\/div>\n\t\t\t\t<div class=\"elementor-column elementor-col-16 elementor-top-column elementor-element elementor-element-8af0729\" data-id=\"8af0729\" data-element_type=\"column\" data-e-type=\"column\">\n\t\t\t<div class=\"elementor-widget-wrap elementor-element-populated\">\n\t\t\t\t\t\t<div class=\"elementor-element elementor-element-f434601 elementor-widget elementor-widget-text-editor\" data-id=\"f434601\" data-element_type=\"widget\" data-e-type=\"widget\" data-widget_type=\"text-editor.default\">\n\t\t\t\t<div class=\"elementor-widget-container\">\n\t\t\t\t\t\t\t\t\t<p><a href=\"http:\/\/www.thecompanywindow.com\/wp-content\/uploads\/2023\/10\/geneo-folleto.pdf\"><img decoding=\"async\" class=\"aligncenter wp-image-3492 size-full\" src=\"http:\/\/www.thecompanywindow.com\/wp-content\/uploads\/2023\/10\/4373076_adobe_file_logo_logos_pdf_icon.png\" alt=\"\" width=\"128\" height=\"128\" srcset=\"https:\/\/www.thecompanywindow.com\/wp-content\/uploads\/2023\/10\/4373076_adobe_file_logo_logos_pdf_icon.png 128w, https:\/\/www.thecompanywindow.com\/wp-content\/uploads\/2023\/10\/4373076_adobe_file_logo_logos_pdf_icon-100x100.png 100w\" sizes=\"(max-width: 128px) 100vw, 128px\" \/><\/a><\/p>\n<p style=\"text-align: center;\">Geneo<\/p>\n\t\t\t\t\t\t\t\t<\/div>\n\t\t\t\t<\/div>\n\t\t\t\t\t<\/div>\n\t\t<\/div>\n\t\t\t\t<div class=\"elementor-column elementor-col-16 elementor-top-column elementor-element elementor-element-596e153\" data-id=\"596e153\" data-element_type=\"column\" data-e-type=\"column\">\n\t\t\t<div class=\"elementor-widget-wrap elementor-element-populated\">\n\t\t\t\t\t\t<div class=\"elementor-element elementor-element-50d56a7 elementor-widget elementor-widget-text-editor\" data-id=\"50d56a7\" data-element_type=\"widget\" data-e-type=\"widget\" data-widget_type=\"text-editor.default\">\n\t\t\t\t<div class=\"elementor-widget-container\">\n\t\t\t\t\t\t\t\t\t<p><a href=\"http:\/\/www.thecompanywindow.com\/wp-content\/uploads\/2023\/10\/folleto-ventanas-synego-2021.pdf\"><img decoding=\"async\" class=\"aligncenter wp-image-3492 size-full\" src=\"http:\/\/www.thecompanywindow.com\/wp-content\/uploads\/2023\/10\/4373076_adobe_file_logo_logos_pdf_icon.png\" alt=\"\" width=\"128\" height=\"128\" srcset=\"https:\/\/www.thecompanywindow.com\/wp-content\/uploads\/2023\/10\/4373076_adobe_file_logo_logos_pdf_icon.png 128w, https:\/\/www.thecompanywindow.com\/wp-content\/uploads\/2023\/10\/4373076_adobe_file_logo_logos_pdf_icon-100x100.png 100w\" sizes=\"(max-width: 128px) 100vw, 128px\" \/><\/a><\/p>\n<p style=\"text-align: center;\">Synego<\/p>\n\t\t\t\t\t\t\t\t<\/div>\n\t\t\t\t<\/div>\n\t\t\t\t\t<\/div>\n\t\t<\/div>\n\t\t\t\t<div class=\"elementor-column elementor-col-16 elementor-top-column elementor-element elementor-element-095674a\" data-id=\"095674a\" data-element_type=\"column\" data-e-type=\"column\">\n\t\t\t<div class=\"elementor-widget-wrap elementor-element-populated\">\n\t\t\t\t\t\t<div class=\"elementor-element elementor-element-788a76f elementor-widget elementor-widget-text-editor\" data-id=\"788a76f\" data-element_type=\"widget\" data-e-type=\"widget\" data-widget_type=\"text-editor.default\">\n\t\t\t\t<div class=\"elementor-widget-container\">\n\t\t\t\t\t\t\t\t\t<p><a href=\"http:\/\/www.thecompanywindow.com\/wp-content\/uploads\/2023\/10\/folleto-euro-design-70-2021.pdf\"><img decoding=\"async\" class=\"aligncenter wp-image-3492 size-full\" src=\"http:\/\/www.thecompanywindow.com\/wp-content\/uploads\/2023\/10\/4373076_adobe_file_logo_logos_pdf_icon.png\" alt=\"\" width=\"128\" height=\"128\" srcset=\"https:\/\/www.thecompanywindow.com\/wp-content\/uploads\/2023\/10\/4373076_adobe_file_logo_logos_pdf_icon.png 128w, https:\/\/www.thecompanywindow.com\/wp-content\/uploads\/2023\/10\/4373076_adobe_file_logo_logos_pdf_icon-100x100.png 100w\" sizes=\"(max-width: 128px) 100vw, 128px\" \/><\/a><\/p>\n<p style=\"text-align: center;\"><a href=\"http:\/\/www.thecompanywindow.com\/wp-content\/uploads\/2023\/10\/folleto-euro-design-70-2021.pdf\">Euro Design<\/a><\/p>\n\t\t\t\t\t\t\t\t<\/div>\n\t\t\t\t<\/div>\n\t\t\t\t\t<\/div>\n\t\t<\/div>\n\t\t\t\t<div class=\"elementor-column elementor-col-16 elementor-top-column elementor-element elementor-element-0201ee0\" data-id=\"0201ee0\" data-element_type=\"column\" data-e-type=\"column\">\n\t\t\t<div class=\"elementor-widget-wrap elementor-element-populated\">\n\t\t\t\t\t\t<div class=\"elementor-element elementor-element-2eff84a elementor-widget elementor-widget-text-editor\" data-id=\"2eff84a\" data-element_type=\"widget\" data-e-type=\"widget\" data-widget_type=\"text-editor.default\">\n\t\t\t\t<div class=\"elementor-widget-container\">\n\t\t\t\t\t\t\t\t\t<p><a href=\"http:\/\/www.thecompanywindow.com\/wp-content\/uploads\/2023\/10\/ficha-tecnica-synego-hst.pdf\"><img decoding=\"async\" class=\"aligncenter wp-image-3492 size-full\" src=\"http:\/\/www.thecompanywindow.com\/wp-content\/uploads\/2023\/10\/4373076_adobe_file_logo_logos_pdf_icon.png\" alt=\"\" width=\"128\" height=\"128\" srcset=\"https:\/\/www.thecompanywindow.com\/wp-content\/uploads\/2023\/10\/4373076_adobe_file_logo_logos_pdf_icon.png 128w, https:\/\/www.thecompanywindow.com\/wp-content\/uploads\/2023\/10\/4373076_adobe_file_logo_logos_pdf_icon-100x100.png 100w\" sizes=\"(max-width: 128px) 100vw, 128px\" \/><\/a><\/p>\n<p style=\"text-align: center;\"><a href=\"http:\/\/www.thecompanywindow.com\/wp-content\/uploads\/2023\/10\/ficha-tecnica-synego-hst.pdf\">Ficha t\u00e9cnica Synego<\/a><\/p>\n<p style=\"text-align: center;\">\u00a0<\/p>\n\t\t\t\t\t\t\t\t<\/div>\n\t\t\t\t<\/div>\n\t\t\t\t\t<\/div>\n\t\t<\/div>\n\t\t\t\t<div class=\"elementor-column elementor-col-16 elementor-top-column elementor-element elementor-element-e59d6e9\" data-id=\"e59d6e9\" data-element_type=\"column\" data-e-type=\"column\">\n\t\t\t<div class=\"elementor-widget-wrap elementor-element-populated\">\n\t\t\t\t\t\t<div class=\"elementor-element elementor-element-628d740 elementor-widget elementor-widget-text-editor\" data-id=\"628d740\" data-element_type=\"widget\" data-e-type=\"widget\" data-widget_type=\"text-editor.default\">\n\t\t\t\t<div class=\"elementor-widget-container\">\n\t\t\t\t\t\t\t\t\t<p><img decoding=\"async\" class=\"size-full wp-image-3492 aligncenter\" src=\"http:\/\/www.thecompanywindow.com\/wp-content\/uploads\/2023\/10\/4373076_adobe_file_logo_logos_pdf_icon.png\" alt=\"\" width=\"128\" height=\"128\" srcset=\"https:\/\/www.thecompanywindow.com\/wp-content\/uploads\/2023\/10\/4373076_adobe_file_logo_logos_pdf_icon.png 128w, https:\/\/www.thecompanywindow.com\/wp-content\/uploads\/2023\/10\/4373076_adobe_file_logo_logos_pdf_icon-100x100.png 100w\" sizes=\"(max-width: 128px) 100vw, 128px\" \/><\/p>\n\t\t\t\t\t\t\t\t<\/div>\n\t\t\t\t<\/div>\n\t\t\t\t\t<\/div>\n\t\t<\/div>\n\t\t\t\t\t<\/div>\n\t\t<\/section>\n\t\t\t\t<\/div>\n\t\t","protected":false},"excerpt":{"rendered":"<p>Baixades Informaci\u00f3 t\u00e9cnica A continuaci\u00f3 us facilitem l&#8217;acc\u00e9s a la informaci\u00f3 t\u00e8cnica de tots els nostres productes. Color Rehau Calidad 2020 Geneo Synego Euro Design Ficha t\u00e9cnica Synego \u00a0<\/p>\n","protected":false},"author":2,"featured_media":0,"parent":0,"menu_order":0,"comment_status":"closed","ping_status":"closed","template":"","meta":{"footnotes":""},"class_list":["post-5353","page","type-page","status-publish","hentry"],"yoast_head":"<!-- This site is optimized with the Yoast SEO plugin v27.4 - https:\/\/yoast.com\/product\/yoast-seo-wordpress\/ -->\n<title>Baixades - The Company \/ Window Solution<\/title>\n<meta name=\"robots\" content=\"index, follow, max-snippet:-1, max-image-preview:large, max-video-preview:-1\" \/>\n<link rel=\"canonical\" href=\"https:\/\/www.thecompanywindow.com\/ca\/baixades\/\" \/>\n<meta property=\"og:locale\" content=\"ca_ES\" \/>\n<meta property=\"og:type\" content=\"article\" \/>\n<meta property=\"og:title\" content=\"Baixades - The Company \/ Window Solution\" \/>\n<meta property=\"og:description\" content=\"Baixades Informaci\u00f3 t\u00e9cnica A continuaci\u00f3 us facilitem l&#8217;acc\u00e9s a la informaci\u00f3 t\u00e8cnica de tots els nostres productes. Color Rehau Calidad 2020 Geneo Synego Euro Design Ficha t\u00e9cnica Synego \u00a0\" \/>\n<meta property=\"og:url\" content=\"https:\/\/www.thecompanywindow.com\/ca\/baixades\/\" \/>\n<meta property=\"og:site_name\" content=\"The Company \/ Window Solution\" \/>\n<meta property=\"article:modified_time\" content=\"2023-11-27T18:44:13+00:00\" \/>\n<meta property=\"og:image\" content=\"http:\/\/www.thecompanywindow.com\/wp-content\/uploads\/2023\/10\/4373076_adobe_file_logo_logos_pdf_icon.png\" \/>\n<meta name=\"twitter:card\" content=\"summary_large_image\" \/>\n<script type=\"application\/ld+json\" class=\"yoast-schema-graph\">{\"@context\":\"https:\\\/\\\/schema.org\",\"@graph\":[{\"@type\":\"WebPage\",\"@id\":\"https:\\\/\\\/www.thecompanywindow.com\\\/ca\\\/baixades\\\/\",\"url\":\"https:\\\/\\\/www.thecompanywindow.com\\\/ca\\\/baixades\\\/\",\"name\":\"Baixades - The Company \\\/ Window Solution\",\"isPartOf\":{\"@id\":\"https:\\\/\\\/www.thecompanywindow.com\\\/fr\\\/#website\"},\"primaryImageOfPage\":{\"@id\":\"https:\\\/\\\/www.thecompanywindow.com\\\/ca\\\/baixades\\\/#primaryimage\"},\"image\":{\"@id\":\"https:\\\/\\\/www.thecompanywindow.com\\\/ca\\\/baixades\\\/#primaryimage\"},\"thumbnailUrl\":\"http:\\\/\\\/www.thecompanywindow.com\\\/wp-content\\\/uploads\\\/2023\\\/10\\\/4373076_adobe_file_logo_logos_pdf_icon.png\",\"datePublished\":\"2023-10-12T10:12:32+00:00\",\"dateModified\":\"2023-11-27T18:44:13+00:00\",\"breadcrumb\":{\"@id\":\"https:\\\/\\\/www.thecompanywindow.com\\\/ca\\\/baixades\\\/#breadcrumb\"},\"inLanguage\":\"ca\",\"potentialAction\":[{\"@type\":\"ReadAction\",\"target\":[\"https:\\\/\\\/www.thecompanywindow.com\\\/ca\\\/baixades\\\/\"]}]},{\"@type\":\"ImageObject\",\"inLanguage\":\"ca\",\"@id\":\"https:\\\/\\\/www.thecompanywindow.com\\\/ca\\\/baixades\\\/#primaryimage\",\"url\":\"http:\\\/\\\/www.thecompanywindow.com\\\/wp-content\\\/uploads\\\/2023\\\/10\\\/4373076_adobe_file_logo_logos_pdf_icon.png\",\"contentUrl\":\"http:\\\/\\\/www.thecompanywindow.com\\\/wp-content\\\/uploads\\\/2023\\\/10\\\/4373076_adobe_file_logo_logos_pdf_icon.png\"},{\"@type\":\"BreadcrumbList\",\"@id\":\"https:\\\/\\\/www.thecompanywindow.com\\\/ca\\\/baixades\\\/#breadcrumb\",\"itemListElement\":[{\"@type\":\"ListItem\",\"position\":1,\"name\":\"Portada\",\"item\":\"https:\\\/\\\/www.thecompanywindow.com\\\/ca\\\/\"},{\"@type\":\"ListItem\",\"position\":2,\"name\":\"Baixades\"}]},{\"@type\":\"WebSite\",\"@id\":\"https:\\\/\\\/www.thecompanywindow.com\\\/fr\\\/#website\",\"url\":\"https:\\\/\\\/www.thecompanywindow.com\\\/fr\\\/\",\"name\":\"The Company Window\",\"description\":\"Especialistas en ventanas de aluminio\",\"publisher\":{\"@id\":\"https:\\\/\\\/www.thecompanywindow.com\\\/fr\\\/#organization\"},\"potentialAction\":[{\"@type\":\"SearchAction\",\"target\":{\"@type\":\"EntryPoint\",\"urlTemplate\":\"https:\\\/\\\/www.thecompanywindow.com\\\/fr\\\/?s={search_term_string}\"},\"query-input\":{\"@type\":\"PropertyValueSpecification\",\"valueRequired\":true,\"valueName\":\"search_term_string\"}}],\"inLanguage\":\"ca\"},{\"@type\":\"Organization\",\"@id\":\"https:\\\/\\\/www.thecompanywindow.com\\\/fr\\\/#organization\",\"name\":\"The Company Window\",\"url\":\"https:\\\/\\\/www.thecompanywindow.com\\\/fr\\\/\",\"logo\":{\"@type\":\"ImageObject\",\"inLanguage\":\"ca\",\"@id\":\"https:\\\/\\\/www.thecompanywindow.com\\\/fr\\\/#\\\/schema\\\/logo\\\/image\\\/\",\"url\":\"https:\\\/\\\/www.thecompanywindow.com\\\/wp-content\\\/uploads\\\/2023\\\/03\\\/cropped-logo_theproject.png\",\"contentUrl\":\"https:\\\/\\\/www.thecompanywindow.com\\\/wp-content\\\/uploads\\\/2023\\\/03\\\/cropped-logo_theproject.png\",\"width\":286,\"height\":126,\"caption\":\"The Company Window\"},\"image\":{\"@id\":\"https:\\\/\\\/www.thecompanywindow.com\\\/fr\\\/#\\\/schema\\\/logo\\\/image\\\/\"},\"sameAs\":[\"https:\\\/\\\/www.instagram.com\\\/thecompanypvc\"]}]}<\/script>\n<!-- \/ Yoast SEO plugin. -->","yoast_head_json":{"title":"Baixades - The Company \/ Window Solution","robots":{"index":"index","follow":"follow","max-snippet":"max-snippet:-1","max-image-preview":"max-image-preview:large","max-video-preview":"max-video-preview:-1"},"canonical":"https:\/\/www.thecompanywindow.com\/ca\/baixades\/","og_locale":"ca_ES","og_type":"article","og_title":"Baixades - The Company \/ Window Solution","og_description":"Baixades Informaci\u00f3 t\u00e9cnica A continuaci\u00f3 us facilitem l&#8217;acc\u00e9s a la informaci\u00f3 t\u00e8cnica de tots els nostres productes. Color Rehau Calidad 2020 Geneo Synego Euro Design Ficha t\u00e9cnica Synego \u00a0","og_url":"https:\/\/www.thecompanywindow.com\/ca\/baixades\/","og_site_name":"The Company \/ Window Solution","article_modified_time":"2023-11-27T18:44:13+00:00","og_image":[{"url":"http:\/\/www.thecompanywindow.com\/wp-content\/uploads\/2023\/10\/4373076_adobe_file_logo_logos_pdf_icon.png","type":"","width":"","height":""}],"twitter_card":"summary_large_image","schema":{"@context":"https:\/\/schema.org","@graph":[{"@type":"WebPage","@id":"https:\/\/www.thecompanywindow.com\/ca\/baixades\/","url":"https:\/\/www.thecompanywindow.com\/ca\/baixades\/","name":"Baixades - The Company \/ Window Solution","isPartOf":{"@id":"https:\/\/www.thecompanywindow.com\/fr\/#website"},"primaryImageOfPage":{"@id":"https:\/\/www.thecompanywindow.com\/ca\/baixades\/#primaryimage"},"image":{"@id":"https:\/\/www.thecompanywindow.com\/ca\/baixades\/#primaryimage"},"thumbnailUrl":"http:\/\/www.thecompanywindow.com\/wp-content\/uploads\/2023\/10\/4373076_adobe_file_logo_logos_pdf_icon.png","datePublished":"2023-10-12T10:12:32+00:00","dateModified":"2023-11-27T18:44:13+00:00","breadcrumb":{"@id":"https:\/\/www.thecompanywindow.com\/ca\/baixades\/#breadcrumb"},"inLanguage":"ca","potentialAction":[{"@type":"ReadAction","target":["https:\/\/www.thecompanywindow.com\/ca\/baixades\/"]}]},{"@type":"ImageObject","inLanguage":"ca","@id":"https:\/\/www.thecompanywindow.com\/ca\/baixades\/#primaryimage","url":"http:\/\/www.thecompanywindow.com\/wp-content\/uploads\/2023\/10\/4373076_adobe_file_logo_logos_pdf_icon.png","contentUrl":"http:\/\/www.thecompanywindow.com\/wp-content\/uploads\/2023\/10\/4373076_adobe_file_logo_logos_pdf_icon.png"},{"@type":"BreadcrumbList","@id":"https:\/\/www.thecompanywindow.com\/ca\/baixades\/#breadcrumb","itemListElement":[{"@type":"ListItem","position":1,"name":"Portada","item":"https:\/\/www.thecompanywindow.com\/ca\/"},{"@type":"ListItem","position":2,"name":"Baixades"}]},{"@type":"WebSite","@id":"https:\/\/www.thecompanywindow.com\/fr\/#website","url":"https:\/\/www.thecompanywindow.com\/fr\/","name":"The Company Window","description":"Especialistas en ventanas de aluminio","publisher":{"@id":"https:\/\/www.thecompanywindow.com\/fr\/#organization"},"potentialAction":[{"@type":"SearchAction","target":{"@type":"EntryPoint","urlTemplate":"https:\/\/www.thecompanywindow.com\/fr\/?s={search_term_string}"},"query-input":{"@type":"PropertyValueSpecification","valueRequired":true,"valueName":"search_term_string"}}],"inLanguage":"ca"},{"@type":"Organization","@id":"https:\/\/www.thecompanywindow.com\/fr\/#organization","name":"The Company Window","url":"https:\/\/www.thecompanywindow.com\/fr\/","logo":{"@type":"ImageObject","inLanguage":"ca","@id":"https:\/\/www.thecompanywindow.com\/fr\/#\/schema\/logo\/image\/","url":"https:\/\/www.thecompanywindow.com\/wp-content\/uploads\/2023\/03\/cropped-logo_theproject.png","contentUrl":"https:\/\/www.thecompanywindow.com\/wp-content\/uploads\/2023\/03\/cropped-logo_theproject.png","width":286,"height":126,"caption":"The Company Window"},"image":{"@id":"https:\/\/www.thecompanywindow.com\/fr\/#\/schema\/logo\/image\/"},"sameAs":["https:\/\/www.instagram.com\/thecompanypvc"]}]}},"_links":{"self":[{"href":"https:\/\/www.thecompanywindow.com\/ca\/wp-json\/wp\/v2\/pages\/5353","targetHints":{"allow":["GET"]}}],"collection":[{"href":"https:\/\/www.thecompanywindow.com\/ca\/wp-json\/wp\/v2\/pages"}],"about":[{"href":"https:\/\/www.thecompanywindow.com\/ca\/wp-json\/wp\/v2\/types\/page"}],"author":[{"embeddable":true,"href":"https:\/\/www.thecompanywindow.com\/ca\/wp-json\/wp\/v2\/users\/2"}],"replies":[{"embeddable":true,"href":"https:\/\/www.thecompanywindow.com\/ca\/wp-json\/wp\/v2\/comments?post=5353"}],"version-history":[{"count":1,"href":"https:\/\/www.thecompanywindow.com\/ca\/wp-json\/wp\/v2\/pages\/5353\/revisions"}],"predecessor-version":[{"id":5354,"href":"https:\/\/www.thecompanywindow.com\/ca\/wp-json\/wp\/v2\/pages\/5353\/revisions\/5354"}],"wp:attachment":[{"href":"https:\/\/www.thecompanywindow.com\/ca\/wp-json\/wp\/v2\/media?parent=5353"}],"curies":[{"name":"wp","href":"https:\/\/api.w.org\/{rel}","templated":true}]}}