{"id":5404,"date":"2023-06-01T07:20:48","date_gmt":"2023-06-01T07:20:48","guid":{"rendered":"https:\/\/www.thecompanywindow.com\/eurodesign-70\/"},"modified":"2023-11-28T02:43:53","modified_gmt":"2023-11-28T02:43:53","slug":"eurodesign-70","status":"publish","type":"page","link":"https:\/\/www.thecompanywindow.com\/ca\/rehau\/practicables\/eurodesign-70\/","title":{"rendered":"Eurodesign 70"},"content":{"rendered":"\t\t<div data-elementor-type=\"wp-page\" data-elementor-id=\"5404\" class=\"elementor elementor-5404 elementor-3162\" data-elementor-post-type=\"page\">\n\t\t\t\t\t\t<section class=\"elementor-section elementor-top-section elementor-element elementor-element-0a3ed64 elementor-section-boxed elementor-section-height-default elementor-section-height-default\" data-id=\"0a3ed64\" data-element_type=\"section\" data-e-type=\"section\">\n\t\t\t\t\t\t<div class=\"elementor-container elementor-column-gap-default\">\n\t\t\t\t\t<div class=\"elementor-column elementor-col-100 elementor-top-column elementor-element elementor-element-b8edbc8\" data-id=\"b8edbc8\" data-element_type=\"column\" data-e-type=\"column\">\n\t\t\t<div class=\"elementor-widget-wrap elementor-element-populated\">\n\t\t\t\t\t\t<div class=\"elementor-element elementor-element-d7a430b elementor-widget elementor-widget-text-editor\" data-id=\"d7a430b\" data-element_type=\"widget\" data-e-type=\"widget\" data-widget_type=\"text-editor.default\">\n\t\t\t\t<div class=\"elementor-widget-container\">\n\t\t\t\t\t\t\t\t\t<h3 class=\"-mb h2\">Eurodesign 70<\/h3>\n<p><span data-sheets-root=\"1\" data-sheets-value=\"{&quot;1&quot;:2,&quot;2&quot;:&quot;Actualment, un dels requisits m\u00e9s importants en una llar \u00e9s assolir el m\u00e0xim confort i alhora un estalvi energ\u00e8tic \u00f2ptim, sense oblidar una est\u00e8tica atractiva i actual. Per aix\u00f2, les finestres de PVC de REHAU es consoliden com la millor elecci\u00f3.&quot;}\" data-sheets-userformat=\"{&quot;2&quot;:771,&quot;3&quot;:{&quot;1&quot;:0},&quot;4&quot;:{&quot;1&quot;:2,&quot;2&quot;:16573901},&quot;11&quot;:4,&quot;12&quot;:0}\">Actualment, un dels requisits m\u00e9s importants en una llar \u00e9s assolir el m\u00e0xim confort i alhora un estalvi energ\u00e8tic \u00f2ptim, sense oblidar una est\u00e8tica atractiva i actual. Per aix\u00f2, les finestres de PVC de REHAU es consoliden com la millor elecci\u00f3.<\/span><\/p>\n<p><strong>Amb Euro-Design 70 aportar\u00e0s a la teva llar confort i seguretat, a m\u00e9s d&#8217;obtenir un estalvi energ\u00e8tic i un considerable a\u00efllament t\u00e8rmic a les finestres<\/strong><\/p>\n\t\t\t\t\t\t\t\t<\/div>\n\t\t\t\t<\/div>\n\t\t\t\t\t<\/div>\n\t\t<\/div>\n\t\t\t\t\t<\/div>\n\t\t<\/section>\n\t\t\t\t<section class=\"elementor-section elementor-top-section elementor-element elementor-element-3f62bde elementor-section-boxed elementor-section-height-default elementor-section-height-default\" data-id=\"3f62bde\" data-element_type=\"section\" data-e-type=\"section\" data-settings=\"{&quot;background_background&quot;:&quot;classic&quot;}\">\n\t\t\t\t\t\t<div class=\"elementor-container elementor-column-gap-default\">\n\t\t\t\t\t<div class=\"elementor-column elementor-col-100 elementor-top-column elementor-element elementor-element-0a0ec5b\" data-id=\"0a0ec5b\" data-element_type=\"column\" data-e-type=\"column\">\n\t\t\t<div class=\"elementor-widget-wrap elementor-element-populated\">\n\t\t\t\t\t\t<div class=\"elementor-element elementor-element-1120ea2 elementor-widget elementor-widget-text-editor\" data-id=\"1120ea2\" data-element_type=\"widget\" data-e-type=\"widget\" data-widget_type=\"text-editor.default\">\n\t\t\t\t<div class=\"elementor-widget-container\">\n\t\t\t\t\t\t\t\t\t<h3><strong>Tecnologia<\/strong><\/h3>\n\t\t\t\t\t\t\t\t<\/div>\n\t\t\t\t<\/div>\n\t\t\t\t\t<\/div>\n\t\t<\/div>\n\t\t\t\t\t<\/div>\n\t\t<\/section>\n\t\t\t\t<section class=\"elementor-section elementor-top-section elementor-element elementor-element-859ea9a elementor-section-boxed elementor-section-height-default elementor-section-height-default elementor-invisible\" data-id=\"859ea9a\" data-element_type=\"section\" data-e-type=\"section\" data-settings=\"{&quot;background_background&quot;:&quot;classic&quot;,&quot;animation&quot;:&quot;fadeIn&quot;}\">\n\t\t\t\t\t\t\t<div class=\"elementor-background-overlay\"><\/div>\n\t\t\t\t\t\t\t<div class=\"elementor-container elementor-column-gap-default\">\n\t\t\t\t\t<div class=\"elementor-column elementor-col-100 elementor-top-column elementor-element elementor-element-5dba671\" data-id=\"5dba671\" data-element_type=\"column\" data-e-type=\"column\">\n\t\t\t<div class=\"elementor-widget-wrap elementor-element-populated\">\n\t\t\t\t\t\t<section class=\"elementor-section elementor-inner-section elementor-element elementor-element-e6bd260 elementor-section-boxed elementor-section-height-default elementor-section-height-default\" data-id=\"e6bd260\" data-element_type=\"section\" data-e-type=\"section\" data-settings=\"{&quot;background_background&quot;:&quot;classic&quot;}\">\n\t\t\t\t\t\t<div class=\"elementor-container elementor-column-gap-default\">\n\t\t\t\t\t<div class=\"elementor-column elementor-col-33 elementor-inner-column elementor-element elementor-element-2760ecf\" data-id=\"2760ecf\" data-element_type=\"column\" data-e-type=\"column\">\n\t\t\t<div class=\"elementor-widget-wrap elementor-element-populated\">\n\t\t\t\t\t\t<div class=\"elementor-element elementor-element-4b4d316 elementor-widget elementor-widget-image\" data-id=\"4b4d316\" data-element_type=\"widget\" data-e-type=\"widget\" data-widget_type=\"image.default\">\n\t\t\t\t<div class=\"elementor-widget-container\">\n\t\t\t\t\t\t\t\t\t\t\t\t\t\t\t<img fetchpriority=\"high\" decoding=\"async\" width=\"300\" height=\"300\" src=\"https:\/\/www.thecompanywindow.com\/wp-content\/uploads\/2023\/06\/0000dc8b-1265-2-1265.jpg\" class=\"attachment-medium_large size-medium_large wp-image-4722\" alt=\"\" srcset=\"https:\/\/www.thecompanywindow.com\/wp-content\/uploads\/2023\/06\/0000dc8b-1265-2-1265.jpg 300w, https:\/\/www.thecompanywindow.com\/wp-content\/uploads\/2023\/06\/0000dc8b-1265-2-1265-150x150.jpg 150w, https:\/\/www.thecompanywindow.com\/wp-content\/uploads\/2023\/06\/0000dc8b-1265-2-1265-200x200.jpg 200w, https:\/\/www.thecompanywindow.com\/wp-content\/uploads\/2023\/06\/0000dc8b-1265-2-1265-100x100.jpg 100w\" sizes=\"(max-width: 300px) 100vw, 300px\" \/>\t\t\t\t\t\t\t\t\t\t\t\t\t\t\t<\/div>\n\t\t\t\t<\/div>\n\t\t\t\t\t<\/div>\n\t\t<\/div>\n\t\t\t\t<div class=\"elementor-column elementor-col-66 elementor-inner-column elementor-element elementor-element-6aa5fa4\" data-id=\"6aa5fa4\" data-element_type=\"column\" data-e-type=\"column\">\n\t\t\t<div class=\"elementor-widget-wrap elementor-element-populated\">\n\t\t\t\t\t\t<div class=\"elementor-element elementor-element-07fabae elementor-widget elementor-widget-text-editor\" data-id=\"07fabae\" data-element_type=\"widget\" data-e-type=\"widget\" data-widget_type=\"text-editor.default\">\n\t\t\t\t<div class=\"elementor-widget-container\">\n\t\t\t\t\t\t\t\t\t<p><strong>Tecnologia<\/strong><\/p>\n<p>A\u00efllament t\u00e8rmic Uv de fins a 1,3 W\/m\u00b2K<br \/>\nA\u00efllament ac\u00fastic RW = 45 dB<br \/>\nResist\u00e8ncia anti-robatori fins a RC3<br \/>\nProfunditat constructiva de 70 mm, per a una est\u00e8tica m\u00e9s refinada<br \/>\n5 cambres<br \/>\nGruix de vidre 41 mm<br \/>\nJuntes perimetrals, per a una protecci\u00f3 fiable contra la corrents d&#8217;aire i la humitat.<br \/>\nPermeabilitat a l&#8217;aire 4<br \/>\nEstanque\u00eftat a l&#8217;aigua 9A<br \/>\nResist\u00e8ncia al vent C5<\/p>\n\t\t\t\t\t\t\t\t<\/div>\n\t\t\t\t<\/div>\n\t\t\t\t\t<\/div>\n\t\t<\/div>\n\t\t\t\t\t<\/div>\n\t\t<\/section>\n\t\t\t\t\t<\/div>\n\t\t<\/div>\n\t\t\t\t\t<\/div>\n\t\t<\/section>\n\t\t\t\t<section class=\"elementor-section elementor-top-section elementor-element elementor-element-bce0911 elementor-section-stretched elementor-section-boxed elementor-section-height-default elementor-section-height-default elementor-invisible\" data-id=\"bce0911\" data-element_type=\"section\" data-e-type=\"section\" data-settings=\"{&quot;stretch_section&quot;:&quot;section-stretched&quot;,&quot;background_background&quot;:&quot;gradient&quot;,&quot;animation&quot;:&quot;fadeIn&quot;}\">\n\t\t\t\t\t\t<div class=\"elementor-container elementor-column-gap-default\">\n\t\t\t\t\t<div class=\"elementor-column elementor-col-100 elementor-top-column elementor-element elementor-element-7f943a5\" data-id=\"7f943a5\" data-element_type=\"column\" data-e-type=\"column\">\n\t\t\t<div class=\"elementor-widget-wrap elementor-element-populated\">\n\t\t\t\t\t\t<div class=\"elementor-element elementor-element-79df662 elementor-widget elementor-widget-image\" data-id=\"79df662\" data-element_type=\"widget\" data-e-type=\"widget\" data-widget_type=\"image.default\">\n\t\t\t\t<div class=\"elementor-widget-container\">\n\t\t\t\t\t\t\t\t\t\t\t\t\t\t\t<img decoding=\"async\" width=\"1024\" height=\"366\" src=\"https:\/\/www.thecompanywindow.com\/wp-content\/uploads\/2023\/06\/rehau-practicable-eurodesign-1024x366.jpg\" class=\"attachment-large size-large wp-image-4719\" alt=\"\" srcset=\"https:\/\/www.thecompanywindow.com\/wp-content\/uploads\/2023\/06\/rehau-practicable-eurodesign-1024x366.jpg 1024w, https:\/\/www.thecompanywindow.com\/wp-content\/uploads\/2023\/06\/rehau-practicable-eurodesign-300x107.jpg 300w, https:\/\/www.thecompanywindow.com\/wp-content\/uploads\/2023\/06\/rehau-practicable-eurodesign-768x274.jpg 768w, https:\/\/www.thecompanywindow.com\/wp-content\/uploads\/2023\/06\/rehau-practicable-eurodesign-1536x549.jpg 1536w, https:\/\/www.thecompanywindow.com\/wp-content\/uploads\/2023\/06\/rehau-practicable-eurodesign-200x71.jpg 200w, https:\/\/www.thecompanywindow.com\/wp-content\/uploads\/2023\/06\/rehau-practicable-eurodesign-600x214.jpg 600w, https:\/\/www.thecompanywindow.com\/wp-content\/uploads\/2023\/06\/rehau-practicable-eurodesign.jpg 1920w\" sizes=\"(max-width: 1024px) 100vw, 1024px\" \/>\t\t\t\t\t\t\t\t\t\t\t\t\t\t\t<\/div>\n\t\t\t\t<\/div>\n\t\t\t\t\t<\/div>\n\t\t<\/div>\n\t\t\t\t\t<\/div>\n\t\t<\/section>\n\t\t\t\t<section class=\"elementor-section elementor-top-section elementor-element elementor-element-63a9f80 elementor-section-boxed elementor-section-height-default elementor-section-height-default\" data-id=\"63a9f80\" data-element_type=\"section\" data-e-type=\"section\">\n\t\t\t\t\t\t<div class=\"elementor-container elementor-column-gap-default\">\n\t\t\t\t\t<div class=\"elementor-column elementor-col-66 elementor-top-column elementor-element elementor-element-bbcb904\" data-id=\"bbcb904\" data-element_type=\"column\" data-e-type=\"column\">\n\t\t\t<div class=\"elementor-widget-wrap elementor-element-populated\">\n\t\t\t\t\t\t<div class=\"elementor-element elementor-element-b4a0d53 elementor-widget elementor-widget-text-editor\" data-id=\"b4a0d53\" data-element_type=\"widget\" data-e-type=\"widget\" data-widget_type=\"text-editor.default\">\n\t\t\t\t<div class=\"elementor-widget-container\">\n\t\t\t\t\t\t\t\t\t<h3>Les finestres SYNEGO obtenen els millors resultats als est\u00e0ndards de qualitat.<\/h3>\n\t\t\t\t\t\t\t\t<\/div>\n\t\t\t\t<\/div>\n\t\t\t\t<div class=\"elementor-element elementor-element-715df69 elementor-align-left elementor-widget elementor-widget-button\" data-id=\"715df69\" data-element_type=\"widget\" data-e-type=\"widget\" data-widget_type=\"button.default\">\n\t\t\t\t<div class=\"elementor-widget-container\">\n\t\t\t\t\t\t\t\t\t<div class=\"elementor-button-wrapper\">\n\t\t\t\t\t<a class=\"elementor-button elementor-button-link elementor-size-md\" href=\"#\">\n\t\t\t\t\t\t<span class=\"elementor-button-content-wrapper\">\n\t\t\t\t\t\t<span class=\"elementor-button-icon\">\n\t\t\t\t<i aria-hidden=\"true\" class=\"far fa-star\"><\/i>\t\t\t<\/span>\n\t\t\t\t\t\t\t\t\t<span class=\"elementor-button-text\">Descobreix la qualitat de les nostres finestres<\/span>\n\t\t\t\t\t<\/span>\n\t\t\t\t\t<\/a>\n\t\t\t\t<\/div>\n\t\t\t\t\t\t\t\t<\/div>\n\t\t\t\t<\/div>\n\t\t\t\t\t<\/div>\n\t\t<\/div>\n\t\t\t\t<div class=\"elementor-column elementor-col-33 elementor-top-column elementor-element elementor-element-fbad61d\" data-id=\"fbad61d\" data-element_type=\"column\" data-e-type=\"column\" data-settings=\"{&quot;background_background&quot;:&quot;classic&quot;}\">\n\t\t\t<div class=\"elementor-widget-wrap elementor-element-populated\">\n\t\t\t\t\t\t<div class=\"elementor-element elementor-element-fcae0e3 elementor-widget elementor-widget-text-editor\" data-id=\"fcae0e3\" data-element_type=\"widget\" data-e-type=\"widget\" data-widget_type=\"text-editor.default\">\n\t\t\t\t<div class=\"elementor-widget-container\">\n\t\t\t\t\t\t\t\t\t<div class=\"download \">\r\n<div class=\"download__content\">\r\n<p style=\"text-align: center;\"><a href=\"http:\/\/www.thecompanywindow.com\/wp-content\/uploads\/2023\/10\/folleto-euro-design-70-2021-2.pdf\"><span class=\"download__headline h4\" style=\"color: #ffffff;\">BAIXADES: SYNEGO PASSIVHAUS<\/span><\/a><\/p>\r\n\r\n<div class=\"download__text\" style=\"text-align: center;\">\r\n\r\n<a href=\"http:\/\/www.thecompanywindow.com\/wp-content\/uploads\/2023\/10\/folleto-euro-design-70-2021-2.pdf\"><span style=\"color: #ffffff;\"><img decoding=\"async\" class=\"alignnone\" src=\"https:\/\/www.rehau.com\/resource\/crblob\/184238\/076947d1f1bd7dbd5b3752f67c30f499\/download_pdf.svg-data.svg\" alt=\"pdf\" width=\"74\" height=\"74\" \/><\/span><\/a>\r\n\r\n<\/div>\r\n<\/div>\r\n<\/div>\t\t\t\t\t\t\t\t<\/div>\n\t\t\t\t<\/div>\n\t\t\t\t\t<\/div>\n\t\t<\/div>\n\t\t\t\t\t<\/div>\n\t\t<\/section>\n\t\t\t\t<\/div>\n\t\t","protected":false},"excerpt":{"rendered":"<p>Eurodesign 70 Actualment, un dels requisits m\u00e9s importants en una llar \u00e9s assolir el m\u00e0xim confort i alhora un estalvi energ\u00e8tic \u00f2ptim, sense oblidar una est\u00e8tica atractiva i actual. Per aix\u00f2, les finestres de PVC de REHAU es consoliden com la millor elecci\u00f3. Amb Euro-Design 70 aportar\u00e0s a la teva [&hellip;]<\/p>\n","protected":false},"author":2,"featured_media":4719,"parent":5416,"menu_order":0,"comment_status":"closed","ping_status":"closed","template":"","meta":{"footnotes":""},"class_list":["post-5404","page","type-page","status-publish","has-post-thumbnail","hentry"],"yoast_head":"<!-- This site is optimized with the Yoast SEO plugin v27.4 - https:\/\/yoast.com\/product\/yoast-seo-wordpress\/ -->\n<title>Eurodesign 70 - The Company \/ Window Solution<\/title>\n<meta name=\"robots\" content=\"index, follow, max-snippet:-1, max-image-preview:large, max-video-preview:-1\" \/>\n<link rel=\"canonical\" href=\"https:\/\/www.thecompanywindow.com\/ca\/rehau\/practicables\/eurodesign-70\/\" \/>\n<meta property=\"og:locale\" content=\"ca_ES\" \/>\n<meta property=\"og:type\" content=\"article\" \/>\n<meta property=\"og:title\" content=\"Eurodesign 70 - The Company \/ Window Solution\" \/>\n<meta property=\"og:description\" content=\"Eurodesign 70 Actualment, un dels requisits m\u00e9s importants en una llar \u00e9s assolir el m\u00e0xim confort i alhora un estalvi energ\u00e8tic \u00f2ptim, sense oblidar una est\u00e8tica atractiva i actual. Per aix\u00f2, les finestres de PVC de REHAU es consoliden com la millor elecci\u00f3. Amb Euro-Design 70 aportar\u00e0s a la teva [&hellip;]\" \/>\n<meta property=\"og:url\" content=\"https:\/\/www.thecompanywindow.com\/ca\/rehau\/practicables\/eurodesign-70\/\" \/>\n<meta property=\"og:site_name\" content=\"The Company \/ Window Solution\" \/>\n<meta property=\"article:modified_time\" content=\"2023-11-28T02:43:53+00:00\" \/>\n<meta property=\"og:image\" content=\"https:\/\/www.thecompanywindow.com\/wp-content\/uploads\/2023\/06\/rehau-practicable-eurodesign.jpg\" \/>\n\t<meta property=\"og:image:width\" content=\"1920\" \/>\n\t<meta property=\"og:image:height\" content=\"686\" \/>\n\t<meta property=\"og:image:type\" content=\"image\/jpeg\" \/>\n<meta name=\"twitter:card\" content=\"summary_large_image\" \/>\n<meta name=\"twitter:label1\" content=\"Temps estimat de lectura\" \/>\n\t<meta name=\"twitter:data1\" content=\"1 minut\" \/>\n<script type=\"application\/ld+json\" class=\"yoast-schema-graph\">{\"@context\":\"https:\\\/\\\/schema.org\",\"@graph\":[{\"@type\":\"WebPage\",\"@id\":\"https:\\\/\\\/www.thecompanywindow.com\\\/ca\\\/rehau\\\/practicables\\\/eurodesign-70\\\/\",\"url\":\"https:\\\/\\\/www.thecompanywindow.com\\\/ca\\\/rehau\\\/practicables\\\/eurodesign-70\\\/\",\"name\":\"Eurodesign 70 - The Company \\\/ Window Solution\",\"isPartOf\":{\"@id\":\"https:\\\/\\\/www.thecompanywindow.com\\\/en\\\/#website\"},\"primaryImageOfPage\":{\"@id\":\"https:\\\/\\\/www.thecompanywindow.com\\\/ca\\\/rehau\\\/practicables\\\/eurodesign-70\\\/#primaryimage\"},\"image\":{\"@id\":\"https:\\\/\\\/www.thecompanywindow.com\\\/ca\\\/rehau\\\/practicables\\\/eurodesign-70\\\/#primaryimage\"},\"thumbnailUrl\":\"https:\\\/\\\/www.thecompanywindow.com\\\/wp-content\\\/uploads\\\/2023\\\/06\\\/rehau-practicable-eurodesign.jpg\",\"datePublished\":\"2023-06-01T07:20:48+00:00\",\"dateModified\":\"2023-11-28T02:43:53+00:00\",\"breadcrumb\":{\"@id\":\"https:\\\/\\\/www.thecompanywindow.com\\\/ca\\\/rehau\\\/practicables\\\/eurodesign-70\\\/#breadcrumb\"},\"inLanguage\":\"ca\",\"potentialAction\":[{\"@type\":\"ReadAction\",\"target\":[\"https:\\\/\\\/www.thecompanywindow.com\\\/ca\\\/rehau\\\/practicables\\\/eurodesign-70\\\/\"]}]},{\"@type\":\"ImageObject\",\"inLanguage\":\"ca\",\"@id\":\"https:\\\/\\\/www.thecompanywindow.com\\\/ca\\\/rehau\\\/practicables\\\/eurodesign-70\\\/#primaryimage\",\"url\":\"https:\\\/\\\/www.thecompanywindow.com\\\/wp-content\\\/uploads\\\/2023\\\/06\\\/rehau-practicable-eurodesign.jpg\",\"contentUrl\":\"https:\\\/\\\/www.thecompanywindow.com\\\/wp-content\\\/uploads\\\/2023\\\/06\\\/rehau-practicable-eurodesign.jpg\",\"width\":1920,\"height\":686},{\"@type\":\"BreadcrumbList\",\"@id\":\"https:\\\/\\\/www.thecompanywindow.com\\\/ca\\\/rehau\\\/practicables\\\/eurodesign-70\\\/#breadcrumb\",\"itemListElement\":[{\"@type\":\"ListItem\",\"position\":1,\"name\":\"Portada\",\"item\":\"https:\\\/\\\/www.thecompanywindow.com\\\/ca\\\/\"},{\"@type\":\"ListItem\",\"position\":2,\"name\":\"Rehau\",\"item\":\"https:\\\/\\\/www.thecompanywindow.com\\\/ca\\\/rehau\\\/\"},{\"@type\":\"ListItem\",\"position\":3,\"name\":\"Practicables\",\"item\":\"https:\\\/\\\/www.thecompanywindow.com\\\/ca\\\/rehau\\\/practicables\\\/\"},{\"@type\":\"ListItem\",\"position\":4,\"name\":\"Eurodesign 70\"}]},{\"@type\":\"WebSite\",\"@id\":\"https:\\\/\\\/www.thecompanywindow.com\\\/en\\\/#website\",\"url\":\"https:\\\/\\\/www.thecompanywindow.com\\\/en\\\/\",\"name\":\"The Company Window\",\"description\":\"Especialistas en ventanas de aluminio\",\"publisher\":{\"@id\":\"https:\\\/\\\/www.thecompanywindow.com\\\/en\\\/#organization\"},\"potentialAction\":[{\"@type\":\"SearchAction\",\"target\":{\"@type\":\"EntryPoint\",\"urlTemplate\":\"https:\\\/\\\/www.thecompanywindow.com\\\/en\\\/?s={search_term_string}\"},\"query-input\":{\"@type\":\"PropertyValueSpecification\",\"valueRequired\":true,\"valueName\":\"search_term_string\"}}],\"inLanguage\":\"ca\"},{\"@type\":\"Organization\",\"@id\":\"https:\\\/\\\/www.thecompanywindow.com\\\/en\\\/#organization\",\"name\":\"The Company Window\",\"url\":\"https:\\\/\\\/www.thecompanywindow.com\\\/en\\\/\",\"logo\":{\"@type\":\"ImageObject\",\"inLanguage\":\"ca\",\"@id\":\"https:\\\/\\\/www.thecompanywindow.com\\\/en\\\/#\\\/schema\\\/logo\\\/image\\\/\",\"url\":\"https:\\\/\\\/www.thecompanywindow.com\\\/wp-content\\\/uploads\\\/2023\\\/03\\\/cropped-logo_theproject.png\",\"contentUrl\":\"https:\\\/\\\/www.thecompanywindow.com\\\/wp-content\\\/uploads\\\/2023\\\/03\\\/cropped-logo_theproject.png\",\"width\":286,\"height\":126,\"caption\":\"The Company Window\"},\"image\":{\"@id\":\"https:\\\/\\\/www.thecompanywindow.com\\\/en\\\/#\\\/schema\\\/logo\\\/image\\\/\"},\"sameAs\":[\"https:\\\/\\\/www.instagram.com\\\/thecompanypvc\"]}]}<\/script>\n<!-- \/ Yoast SEO plugin. -->","yoast_head_json":{"title":"Eurodesign 70 - The Company \/ Window Solution","robots":{"index":"index","follow":"follow","max-snippet":"max-snippet:-1","max-image-preview":"max-image-preview:large","max-video-preview":"max-video-preview:-1"},"canonical":"https:\/\/www.thecompanywindow.com\/ca\/rehau\/practicables\/eurodesign-70\/","og_locale":"ca_ES","og_type":"article","og_title":"Eurodesign 70 - The Company \/ Window Solution","og_description":"Eurodesign 70 Actualment, un dels requisits m\u00e9s importants en una llar \u00e9s assolir el m\u00e0xim confort i alhora un estalvi energ\u00e8tic \u00f2ptim, sense oblidar una est\u00e8tica atractiva i actual. Per aix\u00f2, les finestres de PVC de REHAU es consoliden com la millor elecci\u00f3. Amb Euro-Design 70 aportar\u00e0s a la teva [&hellip;]","og_url":"https:\/\/www.thecompanywindow.com\/ca\/rehau\/practicables\/eurodesign-70\/","og_site_name":"The Company \/ Window Solution","article_modified_time":"2023-11-28T02:43:53+00:00","og_image":[{"width":1920,"height":686,"url":"https:\/\/www.thecompanywindow.com\/wp-content\/uploads\/2023\/06\/rehau-practicable-eurodesign.jpg","type":"image\/jpeg"}],"twitter_card":"summary_large_image","twitter_misc":{"Temps estimat de lectura":"1 minut"},"schema":{"@context":"https:\/\/schema.org","@graph":[{"@type":"WebPage","@id":"https:\/\/www.thecompanywindow.com\/ca\/rehau\/practicables\/eurodesign-70\/","url":"https:\/\/www.thecompanywindow.com\/ca\/rehau\/practicables\/eurodesign-70\/","name":"Eurodesign 70 - The Company \/ Window Solution","isPartOf":{"@id":"https:\/\/www.thecompanywindow.com\/en\/#website"},"primaryImageOfPage":{"@id":"https:\/\/www.thecompanywindow.com\/ca\/rehau\/practicables\/eurodesign-70\/#primaryimage"},"image":{"@id":"https:\/\/www.thecompanywindow.com\/ca\/rehau\/practicables\/eurodesign-70\/#primaryimage"},"thumbnailUrl":"https:\/\/www.thecompanywindow.com\/wp-content\/uploads\/2023\/06\/rehau-practicable-eurodesign.jpg","datePublished":"2023-06-01T07:20:48+00:00","dateModified":"2023-11-28T02:43:53+00:00","breadcrumb":{"@id":"https:\/\/www.thecompanywindow.com\/ca\/rehau\/practicables\/eurodesign-70\/#breadcrumb"},"inLanguage":"ca","potentialAction":[{"@type":"ReadAction","target":["https:\/\/www.thecompanywindow.com\/ca\/rehau\/practicables\/eurodesign-70\/"]}]},{"@type":"ImageObject","inLanguage":"ca","@id":"https:\/\/www.thecompanywindow.com\/ca\/rehau\/practicables\/eurodesign-70\/#primaryimage","url":"https:\/\/www.thecompanywindow.com\/wp-content\/uploads\/2023\/06\/rehau-practicable-eurodesign.jpg","contentUrl":"https:\/\/www.thecompanywindow.com\/wp-content\/uploads\/2023\/06\/rehau-practicable-eurodesign.jpg","width":1920,"height":686},{"@type":"BreadcrumbList","@id":"https:\/\/www.thecompanywindow.com\/ca\/rehau\/practicables\/eurodesign-70\/#breadcrumb","itemListElement":[{"@type":"ListItem","position":1,"name":"Portada","item":"https:\/\/www.thecompanywindow.com\/ca\/"},{"@type":"ListItem","position":2,"name":"Rehau","item":"https:\/\/www.thecompanywindow.com\/ca\/rehau\/"},{"@type":"ListItem","position":3,"name":"Practicables","item":"https:\/\/www.thecompanywindow.com\/ca\/rehau\/practicables\/"},{"@type":"ListItem","position":4,"name":"Eurodesign 70"}]},{"@type":"WebSite","@id":"https:\/\/www.thecompanywindow.com\/en\/#website","url":"https:\/\/www.thecompanywindow.com\/en\/","name":"The Company Window","description":"Especialistas en ventanas de aluminio","publisher":{"@id":"https:\/\/www.thecompanywindow.com\/en\/#organization"},"potentialAction":[{"@type":"SearchAction","target":{"@type":"EntryPoint","urlTemplate":"https:\/\/www.thecompanywindow.com\/en\/?s={search_term_string}"},"query-input":{"@type":"PropertyValueSpecification","valueRequired":true,"valueName":"search_term_string"}}],"inLanguage":"ca"},{"@type":"Organization","@id":"https:\/\/www.thecompanywindow.com\/en\/#organization","name":"The Company Window","url":"https:\/\/www.thecompanywindow.com\/en\/","logo":{"@type":"ImageObject","inLanguage":"ca","@id":"https:\/\/www.thecompanywindow.com\/en\/#\/schema\/logo\/image\/","url":"https:\/\/www.thecompanywindow.com\/wp-content\/uploads\/2023\/03\/cropped-logo_theproject.png","contentUrl":"https:\/\/www.thecompanywindow.com\/wp-content\/uploads\/2023\/03\/cropped-logo_theproject.png","width":286,"height":126,"caption":"The Company Window"},"image":{"@id":"https:\/\/www.thecompanywindow.com\/en\/#\/schema\/logo\/image\/"},"sameAs":["https:\/\/www.instagram.com\/thecompanypvc"]}]}},"_links":{"self":[{"href":"https:\/\/www.thecompanywindow.com\/ca\/wp-json\/wp\/v2\/pages\/5404","targetHints":{"allow":["GET"]}}],"collection":[{"href":"https:\/\/www.thecompanywindow.com\/ca\/wp-json\/wp\/v2\/pages"}],"about":[{"href":"https:\/\/www.thecompanywindow.com\/ca\/wp-json\/wp\/v2\/types\/page"}],"author":[{"embeddable":true,"href":"https:\/\/www.thecompanywindow.com\/ca\/wp-json\/wp\/v2\/users\/2"}],"replies":[{"embeddable":true,"href":"https:\/\/www.thecompanywindow.com\/ca\/wp-json\/wp\/v2\/comments?post=5404"}],"version-history":[{"count":1,"href":"https:\/\/www.thecompanywindow.com\/ca\/wp-json\/wp\/v2\/pages\/5404\/revisions"}],"predecessor-version":[{"id":5405,"href":"https:\/\/www.thecompanywindow.com\/ca\/wp-json\/wp\/v2\/pages\/5404\/revisions\/5405"}],"up":[{"embeddable":true,"href":"https:\/\/www.thecompanywindow.com\/ca\/wp-json\/wp\/v2\/pages\/5416"}],"wp:featuredmedia":[{"embeddable":true,"href":"https:\/\/www.thecompanywindow.com\/ca\/wp-json\/wp\/v2\/media\/4719"}],"wp:attachment":[{"href":"https:\/\/www.thecompanywindow.com\/ca\/wp-json\/wp\/v2\/media?parent=5404"}],"curies":[{"name":"wp","href":"https:\/\/api.w.org\/{rel}","templated":true}]}}