{"id":5440,"date":"2023-06-01T09:16:59","date_gmt":"2023-06-01T09:16:59","guid":{"rendered":"https:\/\/www.thecompanywindow.com\/cortizo\/practicable-a70\/"},"modified":"2023-11-28T03:24:42","modified_gmt":"2023-11-28T03:24:42","slug":"practicable-a70","status":"publish","type":"page","link":"https:\/\/www.thecompanywindow.com\/ca\/cortizo\/practicable-a70\/","title":{"rendered":"Practicable A70"},"content":{"rendered":"\t\t<div data-elementor-type=\"wp-page\" data-elementor-id=\"5440\" class=\"elementor elementor-5440 elementor-3294\" data-elementor-post-type=\"page\">\n\t\t\t\t\t\t<section class=\"elementor-section elementor-top-section elementor-element elementor-element-0a3ed64 elementor-section-boxed elementor-section-height-default elementor-section-height-default\" data-id=\"0a3ed64\" data-element_type=\"section\" data-e-type=\"section\">\n\t\t\t\t\t\t<div class=\"elementor-container elementor-column-gap-default\">\n\t\t\t\t\t<div class=\"elementor-column elementor-col-100 elementor-top-column elementor-element elementor-element-b8edbc8\" data-id=\"b8edbc8\" data-element_type=\"column\" data-e-type=\"column\">\n\t\t\t<div class=\"elementor-widget-wrap elementor-element-populated\">\n\t\t\t\t\t\t<div class=\"elementor-element elementor-element-d7a430b elementor-widget elementor-widget-text-editor\" data-id=\"d7a430b\" data-element_type=\"widget\" data-e-type=\"widget\" data-widget_type=\"text-editor.default\">\n\t\t\t\t<div class=\"elementor-widget-container\">\n\t\t\t\t\t\t\t\t\t<h2><strong>Practicable A70<\/strong><\/h2>\n<p><span data-sheets-root=\"1\" data-sheets-value=\"{&quot;1&quot;:2,&quot;2&quot;:&quot;Sistema de frontisses, 70 mm de profunditat de marc amb una capacitat m\u00e0xima de vidre de 42 mm. La seva perfileria de 5 c\u00e0meres interiors de marc i fulla li confereix una gran efici\u00e8ncia energ\u00e8tica amb un valor de transmit\u00e0ncia Uw des de 0,9 W\/m2K. Possibilitat de fulles amb est\u00e8tica recta, aixamfranada o corba.&quot;}\" data-sheets-userformat=\"{&quot;2&quot;:771,&quot;3&quot;:{&quot;1&quot;:0},&quot;4&quot;:{&quot;1&quot;:2,&quot;2&quot;:16573901},&quot;11&quot;:4,&quot;12&quot;:0}\">Sistema de frontisses, 70 mm de profunditat de marc amb una capacitat m\u00e0xima de vidre de 42 mm. La seva perfileria de 5 c\u00e0meres interiors de marc i fulla li confereix una gran efici\u00e8ncia energ\u00e8tica amb un valor de transmit\u00e0ncia Uw des de 0,9 W\/m2K. Possibilitat de fulles amb est\u00e8tica recta, aixamfranada o corba.<\/span><\/p>\n\t\t\t\t\t\t\t\t<\/div>\n\t\t\t\t<\/div>\n\t\t\t\t\t<\/div>\n\t\t<\/div>\n\t\t\t\t\t<\/div>\n\t\t<\/section>\n\t\t\t\t<section class=\"elementor-section elementor-top-section elementor-element elementor-element-3f62bde elementor-section-boxed elementor-section-height-default elementor-section-height-default\" data-id=\"3f62bde\" data-element_type=\"section\" data-e-type=\"section\" data-settings=\"{&quot;background_background&quot;:&quot;classic&quot;}\">\n\t\t\t\t\t\t<div class=\"elementor-container elementor-column-gap-default\">\n\t\t\t\t\t<div class=\"elementor-column elementor-col-100 elementor-top-column elementor-element elementor-element-0a0ec5b\" data-id=\"0a0ec5b\" data-element_type=\"column\" data-e-type=\"column\">\n\t\t\t<div class=\"elementor-widget-wrap elementor-element-populated\">\n\t\t\t\t\t\t<div class=\"elementor-element elementor-element-1120ea2 elementor-widget elementor-widget-text-editor\" data-id=\"1120ea2\" data-element_type=\"widget\" data-e-type=\"widget\" data-widget_type=\"text-editor.default\">\n\t\t\t\t<div class=\"elementor-widget-container\">\n\t\t\t\t\t\t\t\t\t<h3>Dades t\u00e9cniques<\/h3>\n\t\t\t\t\t\t\t\t<\/div>\n\t\t\t\t<\/div>\n\t\t\t\t\t<\/div>\n\t\t<\/div>\n\t\t\t\t\t<\/div>\n\t\t<\/section>\n\t\t\t\t<section class=\"elementor-section elementor-top-section elementor-element elementor-element-859ea9a elementor-section-boxed elementor-section-height-default elementor-section-height-default elementor-invisible\" data-id=\"859ea9a\" data-element_type=\"section\" data-e-type=\"section\" data-settings=\"{&quot;background_background&quot;:&quot;classic&quot;,&quot;animation&quot;:&quot;fadeIn&quot;}\">\n\t\t\t\t\t\t\t<div class=\"elementor-background-overlay\"><\/div>\n\t\t\t\t\t\t\t<div class=\"elementor-container elementor-column-gap-default\">\n\t\t\t\t\t<div class=\"elementor-column elementor-col-100 elementor-top-column elementor-element elementor-element-5dba671\" data-id=\"5dba671\" data-element_type=\"column\" data-e-type=\"column\">\n\t\t\t<div class=\"elementor-widget-wrap elementor-element-populated\">\n\t\t\t\t\t\t<section class=\"elementor-section elementor-inner-section elementor-element elementor-element-e6bd260 elementor-section-boxed elementor-section-height-default elementor-section-height-default\" data-id=\"e6bd260\" data-element_type=\"section\" data-e-type=\"section\" data-settings=\"{&quot;background_background&quot;:&quot;classic&quot;}\">\n\t\t\t\t\t\t<div class=\"elementor-container elementor-column-gap-default\">\n\t\t\t\t\t<div class=\"elementor-column elementor-col-33 elementor-inner-column elementor-element elementor-element-2760ecf\" data-id=\"2760ecf\" data-element_type=\"column\" data-e-type=\"column\">\n\t\t\t<div class=\"elementor-widget-wrap elementor-element-populated\">\n\t\t\t\t\t\t<div class=\"elementor-element elementor-element-4b4d316 elementor-widget elementor-widget-image\" data-id=\"4b4d316\" data-element_type=\"widget\" data-e-type=\"widget\" data-widget_type=\"image.default\">\n\t\t\t\t<div class=\"elementor-widget-container\">\n\t\t\t\t\t\t\t\t\t\t\t\t\t\t\t<img fetchpriority=\"high\" decoding=\"async\" width=\"766\" height=\"875\" src=\"https:\/\/www.thecompanywindow.com\/wp-content\/uploads\/2023\/06\/A70-perfil-1.png\" class=\"attachment-medium_large size-medium_large wp-image-4791\" alt=\"\" srcset=\"https:\/\/www.thecompanywindow.com\/wp-content\/uploads\/2023\/06\/A70-perfil-1.png 766w, https:\/\/www.thecompanywindow.com\/wp-content\/uploads\/2023\/06\/A70-perfil-1-263x300.png 263w, https:\/\/www.thecompanywindow.com\/wp-content\/uploads\/2023\/06\/A70-perfil-1-200x228.png 200w, https:\/\/www.thecompanywindow.com\/wp-content\/uploads\/2023\/06\/A70-perfil-1-394x450.png 394w\" sizes=\"(max-width: 766px) 100vw, 766px\" \/>\t\t\t\t\t\t\t\t\t\t\t\t\t\t\t<\/div>\n\t\t\t\t<\/div>\n\t\t\t\t\t<\/div>\n\t\t<\/div>\n\t\t\t\t<div class=\"elementor-column elementor-col-33 elementor-inner-column elementor-element elementor-element-6aa5fa4\" data-id=\"6aa5fa4\" data-element_type=\"column\" data-e-type=\"column\">\n\t\t\t<div class=\"elementor-widget-wrap elementor-element-populated\">\n\t\t\t\t\t\t<div class=\"elementor-element elementor-element-07fabae elementor-widget elementor-widget-text-editor\" data-id=\"07fabae\" data-element_type=\"widget\" data-e-type=\"widget\" data-widget_type=\"text-editor.default\">\n\t\t\t\t<div class=\"elementor-widget-container\">\n\t\t\t\t\t\t\t\t\t<p>\u00bb Envidrament<br \/>\nM\u00e0xim. 42 mm<br \/>\nMin. 4 mm<\/p>\n<p>\u00bb Possibilitats d&#8217;obertura<\/p>\n<p>Obertura interior<br \/>\nPracticable<br \/>\noscil\u00b7lobatent<br \/>\nOscil.loparalela<br \/>\nAbatible<br \/>\nPlegable<\/p>\n<p>Obertura externa<br \/>\nPracticable (porta)<\/p>\n<p>\u00bb Seccions<br \/>\nMarc de 70 mm<br \/>\nFulla 70 \/80 mm<\/p>\n<p>\u00bbDimensions m\u00e0ximes de fulla<\/p>\n<p>Finestra<br \/>\nAmple (L) 360-1300 mm<br \/>\nAlt (H) 450-2300 mm<\/p>\n<p>Balconera<br \/>\nAmple (L) 360-1300 mm<br \/>\nAlt (H) 600-2400 mm<\/p>\n<p>Porta<br \/>\nAmple (L) 700-1300 mm<br \/>\nAlt (H) 600-2500 mm<\/p>\n<p>\u00bbMax. fulla<br \/>\nFinestra de 130 kg<br \/>\n130 kg Balconera<br \/>\nPorta de 160 kg<br \/>\n\u00bbPossibilitats est\u00e8tiques<br \/>\nFulla: recta, corba o aixamfranada<br \/>\nJunquillo: recte o corb<br \/>\nConsultar pes i dimensions m\u00e0ximes segons la tipologia<br \/>\n\u00bb Acabats<br \/>\nBlanc<br \/>\nColor<br \/>\nBicolor<br \/>\nImitaci\u00f3 fusta<br \/>\nMetal\u00b7litzat<br \/>\n\u00bbTransmit\u00e0ncia<br \/>\nUW \u2265 0,9 (p\/m2K)<br \/>\n&#8220;A\u00efllament ac\u00fastic<br \/>\nRW fins a 46 dB<br \/>\n\u00bb Permeabilitat a l&#8217;aire<br \/>\n(UNE-EN 12207) Classe 4<br \/>\n\u00bb Estanque\u00eftat a l&#8217;aigua<br \/>\n(UNE-EN 12208) Classe E1800<br \/>\n&#8221; Resist\u00e8ncia al vent<br \/>\n(UNE-EN 12210) Classe C5<br \/>\nProva de refer\u00e8ncia AEV 1,23 x 1,48 m \/ 2 fulles<\/p>\n\t\t\t\t\t\t\t\t<\/div>\n\t\t\t\t<\/div>\n\t\t\t\t\t<\/div>\n\t\t<\/div>\n\t\t\t\t<div class=\"elementor-column elementor-col-33 elementor-inner-column elementor-element elementor-element-32a4cfc\" data-id=\"32a4cfc\" data-element_type=\"column\" data-e-type=\"column\">\n\t\t\t<div class=\"elementor-widget-wrap elementor-element-populated\">\n\t\t\t\t\t\t\t<\/div>\n\t\t<\/div>\n\t\t\t\t\t<\/div>\n\t\t<\/section>\n\t\t\t\t\t<\/div>\n\t\t<\/div>\n\t\t\t\t\t<\/div>\n\t\t<\/section>\n\t\t\t\t<section class=\"elementor-section elementor-top-section elementor-element elementor-element-ee96cde elementor-section-stretched elementor-section-boxed elementor-section-height-default elementor-section-height-default elementor-invisible\" data-id=\"ee96cde\" data-element_type=\"section\" data-e-type=\"section\" data-settings=\"{&quot;stretch_section&quot;:&quot;section-stretched&quot;,&quot;background_background&quot;:&quot;gradient&quot;,&quot;animation&quot;:&quot;fadeIn&quot;}\">\n\t\t\t\t\t\t<div class=\"elementor-container elementor-column-gap-default\">\n\t\t\t\t\t<div class=\"elementor-column elementor-col-100 elementor-top-column elementor-element elementor-element-ff8f5c2\" data-id=\"ff8f5c2\" data-element_type=\"column\" data-e-type=\"column\">\n\t\t\t<div class=\"elementor-widget-wrap elementor-element-populated\">\n\t\t\t\t\t\t<div class=\"elementor-element elementor-element-08e2a63 elementor-widget elementor-widget-owl-carousel-elementor\" data-id=\"08e2a63\" data-element_type=\"widget\" data-e-type=\"widget\" data-widget_type=\"owl-carousel-elementor.default\">\n\t\t\t\t<div class=\"elementor-widget-container\">\n\t\t\t\t\t<div class='js-owce-carousel-container owce-carousel-container  owce-carousel-no-nav-tablet owce-carousel-no-nav-mobile owce-carousel-08e2a63'><div id=\"owce-carousel-08e2a63\" class=\"owl-carousel owl-theme js-owce-carousel owce-carousel owce-carousel-image owce-carousel-image-one\" data-options=\"{&quot;field_prefix&quot;:&quot;carousel_&quot;,&quot;layout&quot;:&quot;image&quot;,&quot;rtl&quot;:false,&quot;items_count&quot;:3,&quot;items_count_tablet&quot;:null,&quot;items_count_mobile&quot;:null,&quot;items_slideby&quot;:1,&quot;items_slideby_tablet&quot;:null,&quot;items_slideby_mobile&quot;:null,&quot;margin&quot;:10,&quot;margin_tablet&quot;:0,&quot;margin_mobile&quot;:0,&quot;nav&quot;:&quot;yes&quot;,&quot;nav_tablet&quot;:null,&quot;nav_mobile&quot;:null,&quot;dots&quot;:&quot;yes&quot;,&quot;dots_tablet&quot;:null,&quot;dots_mobile&quot;:null,&quot;autoplay&quot;:&quot;yes&quot;,&quot;autoplay_timeout&quot;:5000,&quot;autoplay_hover_pause&quot;:false,&quot;animate_in&quot;:&quot;&quot;,&quot;animate_out&quot;:&quot;&quot;,&quot;rewind&quot;:&quot;&quot;,&quot;loop&quot;:&quot;&quot;,&quot;loop_tablet&quot;:null,&quot;loop_mobile&quot;:null,&quot;smart_speed&quot;:500,&quot;lazyLoad&quot;:&quot;&quot;,&quot;auto_height&quot;:&quot;&quot;,&quot;mouse_drag&quot;:&quot;yes&quot;,&quot;touch_drag&quot;:&quot;yes&quot;}\">\t\t\t\t\t\t<div class=\"item carousel-item-d2ef0fb elementor-animation-float\">\n\t\t\t\t<div class=\"owl-thumb\">\n    <img decoding=\"async\" width=\"600\" height=\"392\" src=\"https:\/\/www.thecompanywindow.com\/wp-content\/uploads\/2023\/06\/cortizo-slide-a70-2-600x392.jpg\" class=\"attachment-owl_elementor_thumbnail size-owl_elementor_thumbnail wp-image-3277\" alt=\"\" srcset=\"https:\/\/www.thecompanywindow.com\/wp-content\/uploads\/2023\/06\/cortizo-slide-a70-2-600x392.jpg 600w, https:\/\/www.thecompanywindow.com\/wp-content\/uploads\/2023\/06\/cortizo-slide-a70-2-300x196.jpg 300w, https:\/\/www.thecompanywindow.com\/wp-content\/uploads\/2023\/06\/cortizo-slide-a70-2-768x502.jpg 768w, https:\/\/www.thecompanywindow.com\/wp-content\/uploads\/2023\/06\/cortizo-slide-a70-2-200x131.jpg 200w, https:\/\/www.thecompanywindow.com\/wp-content\/uploads\/2023\/06\/cortizo-slide-a70-2.jpg 1024w\" sizes=\"(max-width: 600px) 100vw, 600px\" \/><\/div>\n\t\t\t<\/div>\n\t\t\t\t\t\t\t\t<div class=\"item carousel-item-912a274 elementor-animation-float\">\n\t\t\t\t<div class=\"owl-thumb\">\n    <img decoding=\"async\" width=\"600\" height=\"392\" src=\"https:\/\/www.thecompanywindow.com\/wp-content\/uploads\/2023\/06\/cortizo-slide-a70-600x392.jpg\" class=\"attachment-owl_elementor_thumbnail size-owl_elementor_thumbnail wp-image-3276\" alt=\"\" srcset=\"https:\/\/www.thecompanywindow.com\/wp-content\/uploads\/2023\/06\/cortizo-slide-a70-600x392.jpg 600w, https:\/\/www.thecompanywindow.com\/wp-content\/uploads\/2023\/06\/cortizo-slide-a70-300x196.jpg 300w, https:\/\/www.thecompanywindow.com\/wp-content\/uploads\/2023\/06\/cortizo-slide-a70-768x502.jpg 768w, https:\/\/www.thecompanywindow.com\/wp-content\/uploads\/2023\/06\/cortizo-slide-a70-200x131.jpg 200w, https:\/\/www.thecompanywindow.com\/wp-content\/uploads\/2023\/06\/cortizo-slide-a70.jpg 1024w\" sizes=\"(max-width: 600px) 100vw, 600px\" \/><\/div>\n\t\t\t<\/div>\n\t\t<\/div><\/div>\t\t\t\t<\/div>\n\t\t\t\t<\/div>\n\t\t\t\t\t<\/div>\n\t\t<\/div>\n\t\t\t\t\t<\/div>\n\t\t<\/section>\n\t\t\t\t<\/div>\n\t\t","protected":false},"excerpt":{"rendered":"<p>Practicable A70 Sistema de frontisses, 70 mm de profunditat de marc amb una capacitat m\u00e0xima de vidre de 42 mm. La seva perfileria de 5 c\u00e0meres interiors de marc i fulla li confereix una gran efici\u00e8ncia energ\u00e8tica amb un valor de transmit\u00e0ncia Uw des de 0,9 W\/m2K. Possibilitat de fulles [&hellip;]<\/p>\n","protected":false},"author":2,"featured_media":4779,"parent":5434,"menu_order":0,"comment_status":"closed","ping_status":"closed","template":"","meta":{"footnotes":""},"class_list":["post-5440","page","type-page","status-publish","has-post-thumbnail","hentry"],"yoast_head":"<!-- This site is optimized with the Yoast SEO plugin v27.4 - https:\/\/yoast.com\/product\/yoast-seo-wordpress\/ -->\n<title>Practicable A70 - The Company \/ Window Solution<\/title>\n<meta name=\"robots\" content=\"index, follow, max-snippet:-1, max-image-preview:large, max-video-preview:-1\" \/>\n<link rel=\"canonical\" href=\"https:\/\/www.thecompanywindow.com\/ca\/cortizo\/practicable-a70\/\" \/>\n<meta property=\"og:locale\" content=\"ca_ES\" \/>\n<meta property=\"og:type\" content=\"article\" \/>\n<meta property=\"og:title\" content=\"Practicable A70 - The Company \/ Window Solution\" \/>\n<meta property=\"og:description\" content=\"Practicable A70 Sistema de frontisses, 70 mm de profunditat de marc amb una capacitat m\u00e0xima de vidre de 42 mm. La seva perfileria de 5 c\u00e0meres interiors de marc i fulla li confereix una gran efici\u00e8ncia energ\u00e8tica amb un valor de transmit\u00e0ncia Uw des de 0,9 W\/m2K. Possibilitat de fulles [&hellip;]\" \/>\n<meta property=\"og:url\" content=\"https:\/\/www.thecompanywindow.com\/ca\/cortizo\/practicable-a70\/\" \/>\n<meta property=\"og:site_name\" content=\"The Company \/ Window Solution\" \/>\n<meta property=\"article:modified_time\" content=\"2023-11-28T03:24:42+00:00\" \/>\n<meta property=\"og:image\" content=\"https:\/\/www.thecompanywindow.com\/wp-content\/uploads\/2023\/06\/cortizo-slide-a70-2.jpg\" \/>\n\t<meta property=\"og:image:width\" content=\"1024\" \/>\n\t<meta property=\"og:image:height\" content=\"669\" \/>\n\t<meta property=\"og:image:type\" content=\"image\/jpeg\" \/>\n<meta name=\"twitter:card\" content=\"summary_large_image\" \/>\n<meta name=\"twitter:label1\" content=\"Temps estimat de lectura\" \/>\n\t<meta name=\"twitter:data1\" content=\"1 minut\" \/>\n<script type=\"application\/ld+json\" class=\"yoast-schema-graph\">{\"@context\":\"https:\\\/\\\/schema.org\",\"@graph\":[{\"@type\":\"WebPage\",\"@id\":\"https:\\\/\\\/www.thecompanywindow.com\\\/ca\\\/cortizo\\\/practicable-a70\\\/\",\"url\":\"https:\\\/\\\/www.thecompanywindow.com\\\/ca\\\/cortizo\\\/practicable-a70\\\/\",\"name\":\"Practicable A70 - The Company \\\/ Window Solution\",\"isPartOf\":{\"@id\":\"https:\\\/\\\/www.thecompanywindow.com\\\/en\\\/#website\"},\"primaryImageOfPage\":{\"@id\":\"https:\\\/\\\/www.thecompanywindow.com\\\/ca\\\/cortizo\\\/practicable-a70\\\/#primaryimage\"},\"image\":{\"@id\":\"https:\\\/\\\/www.thecompanywindow.com\\\/ca\\\/cortizo\\\/practicable-a70\\\/#primaryimage\"},\"thumbnailUrl\":\"https:\\\/\\\/www.thecompanywindow.com\\\/wp-content\\\/uploads\\\/2023\\\/06\\\/cortizo-slide-a70-2.jpg\",\"datePublished\":\"2023-06-01T09:16:59+00:00\",\"dateModified\":\"2023-11-28T03:24:42+00:00\",\"breadcrumb\":{\"@id\":\"https:\\\/\\\/www.thecompanywindow.com\\\/ca\\\/cortizo\\\/practicable-a70\\\/#breadcrumb\"},\"inLanguage\":\"ca\",\"potentialAction\":[{\"@type\":\"ReadAction\",\"target\":[\"https:\\\/\\\/www.thecompanywindow.com\\\/ca\\\/cortizo\\\/practicable-a70\\\/\"]}]},{\"@type\":\"ImageObject\",\"inLanguage\":\"ca\",\"@id\":\"https:\\\/\\\/www.thecompanywindow.com\\\/ca\\\/cortizo\\\/practicable-a70\\\/#primaryimage\",\"url\":\"https:\\\/\\\/www.thecompanywindow.com\\\/wp-content\\\/uploads\\\/2023\\\/06\\\/cortizo-slide-a70-2.jpg\",\"contentUrl\":\"https:\\\/\\\/www.thecompanywindow.com\\\/wp-content\\\/uploads\\\/2023\\\/06\\\/cortizo-slide-a70-2.jpg\",\"width\":1024,\"height\":669},{\"@type\":\"BreadcrumbList\",\"@id\":\"https:\\\/\\\/www.thecompanywindow.com\\\/ca\\\/cortizo\\\/practicable-a70\\\/#breadcrumb\",\"itemListElement\":[{\"@type\":\"ListItem\",\"position\":1,\"name\":\"Portada\",\"item\":\"https:\\\/\\\/www.thecompanywindow.com\\\/ca\\\/\"},{\"@type\":\"ListItem\",\"position\":2,\"name\":\"Cortizo\",\"item\":\"https:\\\/\\\/www.thecompanywindow.com\\\/ca\\\/cortizo\\\/\"},{\"@type\":\"ListItem\",\"position\":3,\"name\":\"Practicable A70\"}]},{\"@type\":\"WebSite\",\"@id\":\"https:\\\/\\\/www.thecompanywindow.com\\\/en\\\/#website\",\"url\":\"https:\\\/\\\/www.thecompanywindow.com\\\/en\\\/\",\"name\":\"The Company Window\",\"description\":\"Especialistas en ventanas de aluminio\",\"publisher\":{\"@id\":\"https:\\\/\\\/www.thecompanywindow.com\\\/en\\\/#organization\"},\"potentialAction\":[{\"@type\":\"SearchAction\",\"target\":{\"@type\":\"EntryPoint\",\"urlTemplate\":\"https:\\\/\\\/www.thecompanywindow.com\\\/en\\\/?s={search_term_string}\"},\"query-input\":{\"@type\":\"PropertyValueSpecification\",\"valueRequired\":true,\"valueName\":\"search_term_string\"}}],\"inLanguage\":\"ca\"},{\"@type\":\"Organization\",\"@id\":\"https:\\\/\\\/www.thecompanywindow.com\\\/en\\\/#organization\",\"name\":\"The Company Window\",\"url\":\"https:\\\/\\\/www.thecompanywindow.com\\\/en\\\/\",\"logo\":{\"@type\":\"ImageObject\",\"inLanguage\":\"ca\",\"@id\":\"https:\\\/\\\/www.thecompanywindow.com\\\/en\\\/#\\\/schema\\\/logo\\\/image\\\/\",\"url\":\"https:\\\/\\\/www.thecompanywindow.com\\\/wp-content\\\/uploads\\\/2023\\\/03\\\/cropped-logo_theproject.png\",\"contentUrl\":\"https:\\\/\\\/www.thecompanywindow.com\\\/wp-content\\\/uploads\\\/2023\\\/03\\\/cropped-logo_theproject.png\",\"width\":286,\"height\":126,\"caption\":\"The Company Window\"},\"image\":{\"@id\":\"https:\\\/\\\/www.thecompanywindow.com\\\/en\\\/#\\\/schema\\\/logo\\\/image\\\/\"},\"sameAs\":[\"https:\\\/\\\/www.instagram.com\\\/thecompanypvc\"]}]}<\/script>\n<!-- \/ Yoast SEO plugin. -->","yoast_head_json":{"title":"Practicable A70 - The Company \/ Window Solution","robots":{"index":"index","follow":"follow","max-snippet":"max-snippet:-1","max-image-preview":"max-image-preview:large","max-video-preview":"max-video-preview:-1"},"canonical":"https:\/\/www.thecompanywindow.com\/ca\/cortizo\/practicable-a70\/","og_locale":"ca_ES","og_type":"article","og_title":"Practicable A70 - The Company \/ Window Solution","og_description":"Practicable A70 Sistema de frontisses, 70 mm de profunditat de marc amb una capacitat m\u00e0xima de vidre de 42 mm. La seva perfileria de 5 c\u00e0meres interiors de marc i fulla li confereix una gran efici\u00e8ncia energ\u00e8tica amb un valor de transmit\u00e0ncia Uw des de 0,9 W\/m2K. Possibilitat de fulles [&hellip;]","og_url":"https:\/\/www.thecompanywindow.com\/ca\/cortizo\/practicable-a70\/","og_site_name":"The Company \/ Window Solution","article_modified_time":"2023-11-28T03:24:42+00:00","og_image":[{"width":1024,"height":669,"url":"https:\/\/www.thecompanywindow.com\/wp-content\/uploads\/2023\/06\/cortizo-slide-a70-2.jpg","type":"image\/jpeg"}],"twitter_card":"summary_large_image","twitter_misc":{"Temps estimat de lectura":"1 minut"},"schema":{"@context":"https:\/\/schema.org","@graph":[{"@type":"WebPage","@id":"https:\/\/www.thecompanywindow.com\/ca\/cortizo\/practicable-a70\/","url":"https:\/\/www.thecompanywindow.com\/ca\/cortizo\/practicable-a70\/","name":"Practicable A70 - The Company \/ Window Solution","isPartOf":{"@id":"https:\/\/www.thecompanywindow.com\/en\/#website"},"primaryImageOfPage":{"@id":"https:\/\/www.thecompanywindow.com\/ca\/cortizo\/practicable-a70\/#primaryimage"},"image":{"@id":"https:\/\/www.thecompanywindow.com\/ca\/cortizo\/practicable-a70\/#primaryimage"},"thumbnailUrl":"https:\/\/www.thecompanywindow.com\/wp-content\/uploads\/2023\/06\/cortizo-slide-a70-2.jpg","datePublished":"2023-06-01T09:16:59+00:00","dateModified":"2023-11-28T03:24:42+00:00","breadcrumb":{"@id":"https:\/\/www.thecompanywindow.com\/ca\/cortizo\/practicable-a70\/#breadcrumb"},"inLanguage":"ca","potentialAction":[{"@type":"ReadAction","target":["https:\/\/www.thecompanywindow.com\/ca\/cortizo\/practicable-a70\/"]}]},{"@type":"ImageObject","inLanguage":"ca","@id":"https:\/\/www.thecompanywindow.com\/ca\/cortizo\/practicable-a70\/#primaryimage","url":"https:\/\/www.thecompanywindow.com\/wp-content\/uploads\/2023\/06\/cortizo-slide-a70-2.jpg","contentUrl":"https:\/\/www.thecompanywindow.com\/wp-content\/uploads\/2023\/06\/cortizo-slide-a70-2.jpg","width":1024,"height":669},{"@type":"BreadcrumbList","@id":"https:\/\/www.thecompanywindow.com\/ca\/cortizo\/practicable-a70\/#breadcrumb","itemListElement":[{"@type":"ListItem","position":1,"name":"Portada","item":"https:\/\/www.thecompanywindow.com\/ca\/"},{"@type":"ListItem","position":2,"name":"Cortizo","item":"https:\/\/www.thecompanywindow.com\/ca\/cortizo\/"},{"@type":"ListItem","position":3,"name":"Practicable A70"}]},{"@type":"WebSite","@id":"https:\/\/www.thecompanywindow.com\/en\/#website","url":"https:\/\/www.thecompanywindow.com\/en\/","name":"The Company Window","description":"Especialistas en ventanas de aluminio","publisher":{"@id":"https:\/\/www.thecompanywindow.com\/en\/#organization"},"potentialAction":[{"@type":"SearchAction","target":{"@type":"EntryPoint","urlTemplate":"https:\/\/www.thecompanywindow.com\/en\/?s={search_term_string}"},"query-input":{"@type":"PropertyValueSpecification","valueRequired":true,"valueName":"search_term_string"}}],"inLanguage":"ca"},{"@type":"Organization","@id":"https:\/\/www.thecompanywindow.com\/en\/#organization","name":"The Company Window","url":"https:\/\/www.thecompanywindow.com\/en\/","logo":{"@type":"ImageObject","inLanguage":"ca","@id":"https:\/\/www.thecompanywindow.com\/en\/#\/schema\/logo\/image\/","url":"https:\/\/www.thecompanywindow.com\/wp-content\/uploads\/2023\/03\/cropped-logo_theproject.png","contentUrl":"https:\/\/www.thecompanywindow.com\/wp-content\/uploads\/2023\/03\/cropped-logo_theproject.png","width":286,"height":126,"caption":"The Company Window"},"image":{"@id":"https:\/\/www.thecompanywindow.com\/en\/#\/schema\/logo\/image\/"},"sameAs":["https:\/\/www.instagram.com\/thecompanypvc"]}]}},"_links":{"self":[{"href":"https:\/\/www.thecompanywindow.com\/ca\/wp-json\/wp\/v2\/pages\/5440","targetHints":{"allow":["GET"]}}],"collection":[{"href":"https:\/\/www.thecompanywindow.com\/ca\/wp-json\/wp\/v2\/pages"}],"about":[{"href":"https:\/\/www.thecompanywindow.com\/ca\/wp-json\/wp\/v2\/types\/page"}],"author":[{"embeddable":true,"href":"https:\/\/www.thecompanywindow.com\/ca\/wp-json\/wp\/v2\/users\/2"}],"replies":[{"embeddable":true,"href":"https:\/\/www.thecompanywindow.com\/ca\/wp-json\/wp\/v2\/comments?post=5440"}],"version-history":[{"count":1,"href":"https:\/\/www.thecompanywindow.com\/ca\/wp-json\/wp\/v2\/pages\/5440\/revisions"}],"predecessor-version":[{"id":5441,"href":"https:\/\/www.thecompanywindow.com\/ca\/wp-json\/wp\/v2\/pages\/5440\/revisions\/5441"}],"up":[{"embeddable":true,"href":"https:\/\/www.thecompanywindow.com\/ca\/wp-json\/wp\/v2\/pages\/5434"}],"wp:featuredmedia":[{"embeddable":true,"href":"https:\/\/www.thecompanywindow.com\/ca\/wp-json\/wp\/v2\/media\/4779"}],"wp:attachment":[{"href":"https:\/\/www.thecompanywindow.com\/ca\/wp-json\/wp\/v2\/media?parent=5440"}],"curies":[{"name":"wp","href":"https:\/\/api.w.org\/{rel}","templated":true}]}}