{"id":5529,"date":"2023-11-09T14:51:20","date_gmt":"2023-11-09T14:51:20","guid":{"rendered":"https:\/\/www.thecompanywindow.com\/politica-de-cookies\/"},"modified":"2023-12-04T09:33:43","modified_gmt":"2023-12-04T09:33:43","slug":"politica-de-cookies","status":"publish","type":"page","link":"https:\/\/www.thecompanywindow.com\/ca\/politica-de-cookies\/","title":{"rendered":"Pol\u00edtica de Cookies"},"content":{"rendered":"\n<p>Una Cookie \u00e9s un fitxer que es descarrega al seu ordinador quan accedeix a determinades p\u00e0gines web. Les cookies permeten a una p\u00e0gina web, entre altres coses, emmagatzemar i recuperar informaci\u00f3 sobre l&#8217;ordinador o els h\u00e0bits de navegaci\u00f3 d&#8217;un usuari i, segons la informaci\u00f3 proporcionada i la manera que vost\u00e8 utilitza el seu ordinador, es pot recon\u00e8ixer l&#8217;usuari.<\/p>\n\n\n\n<p>Les cookies s\u00f3n essencials per al funcionament d&#8217;Internet, proporcionant innombrables avantatges en la prestaci\u00f3 de serveis interactius, proporcionant navegaci\u00f3 i usabilitat de la nostra web.<\/p>\n\n\n\n<p>La informaci\u00f3 que li proporcionem a continuaci\u00f3 l&#8217;ajudar\u00e0 a comprendre els diferents tipus de cookies:<\/p>\n\n\n\n<p>Esta pol\u00edtica de cookies va ser actualitzada per \u00faltima vegada el 7 de febrer del 2022 i s&#8217;aplica als ciutadans i residents legals permanents de l&#8217;Espai Econ\u00f2mic Europeu i Su\u00efssa.<\/p>\n\n\n\n<ol class=\"wp-block-list\">\n<li><strong>Introducci\u00f3<\/strong><\/li>\n<\/ol>\n\n\n\n<p>La nostra web, <a href=\"https:\/\/www.thecompanywindow.com\/\">www.thecompanywindow.com<\/a> (d&#8217;ara endavant, &#8220;la web&#8221;), utilitza cookies i altres tecnologies relacionades (per comoditat, totes les tecnologies es denominen &#8220;cookies&#8221;). Les cookies tamb\u00e9 s\u00f3n col\u00b7locades per tercers als quals hem contractat. En el seg\u00fcent document t&#8217;informem sobre l&#8217;\u00fas de cookies a la nostra web.<\/p>\n\n\n\n<ol class=\"wp-block-list\" start=\"2\">\n<li><strong>Qu\u00e8 s\u00f3n les cookies?<\/strong><\/li>\n<\/ol>\n\n\n\n<p>Una cookie \u00e9s un petit fitxer que s&#8217;envia juntament amb les p\u00e0gines d&#8217;aquesta web i que el teu navegador emmagatzema al disc dur del teu ordinador o un altre dispositiu. La informaci\u00f3 emmagatzemada pot ser retornada als nostres servidors o als servidors de tercers pertinents durant una visita posterior.<\/p>\n\n\n\n<ol class=\"wp-block-list\" start=\"3\">\n<li><strong>Qu\u00e8 s\u00f3n els scripts?<\/strong><\/li>\n<\/ol>\n\n\n\n<p>Un script \u00e9s un fragment de codi de programa que s&#8217;utilitza per fer que la nostra web funcioni correctament i de forma interactiva. Aquest codi s&#8217;executa al nostre servidor o al teu dispositiu.<\/p>\n\n\n\n<ol class=\"wp-block-list\" start=\"4\">\n<li><strong>Qu\u00e8 \u00e9s una balisa web?<\/strong><\/li>\n<\/ol>\n\n\n\n<p>Una balisa web (o una etiqueta de p\u00edxel) \u00e9s una petita i invisible pe\u00e7a de text o imatge en una web que s&#8217;utilitza per monitorar el tr\u00e0nsit en una web. Per a aix\u00f2, s&#8217;emmagatzemen diversos datos sobre tu mitjan\u00e7ant aquestes balises web.<\/p>\n\n\n\n<ol class=\"wp-block-list\" start=\"5\">\n<li><strong>Cookies<\/strong>5.1 <strong>Cookies t\u00e8cniques o funcionals<\/strong>Algunes cookies asseguren que certes parts de la web funcionin correctament i que les teves prefer\u00e8ncies d&#8217;usuari es recordin. En col\u00b7locar cookies funcionals, facilitem la teva visita a la nostra web. D&#8217;aquesta manera, no has de introduir repetidament la mateixa informaci\u00f3 quan visites la nostra web i, per exemple, els articles romanen a la teva cistella de la compra fins que hagis pagat. Podem col\u00b7locar aquestes cookies sense el teu consentiment.5.2 <strong>Cookies d&#8217;estad\u00edstiques<\/strong>Utilitzem cookies estad\u00edstiques per optimitzar l&#8217;experi\u00e8ncia de la web pels nostres usuaris. Amb aquestes cookies estad\u00edstiques obtenim informaci\u00f3 sobre l&#8217;\u00fas de la nostra web. Te&#8217;n preguem el teu perm\u00eds per col\u00b7locar cookies d&#8217;estad\u00edstiques.5.3 <strong>Cookies de m\u00e0rqueting\/seguiment<\/strong>Les cookies de m\u00e0rqueting\/seguiment s\u00f3n cookies, o qualsevol altra forma d&#8217;emmagatzematge local, utilitzades per crear perfils d&#8217;usuari per mostrar publicitat o per fer el seguiment de l&#8217;usuari en aquesta web o en diverses webs amb fins de m\u00e0rqueting similars.<\/li>\n\n\n\n<li><strong>Cookies utilitzades<\/strong><\/li>\n\n\n\n<li><strong>Consentiment<\/strong>Quan visites la nostra web per primera vegada, et mostrarem una finestra emergent amb una explicaci\u00f3 sobre les cookies. Tan aviat com facis clic a &#8220;Guardar prefer\u00e8ncies&#8221;, acceptes que utilitzem les categories de cookies i plugins que has seleccionat a la finestra emergent, tal com es descriu en aquesta pol\u00edtica de cookies. Pots desactivar l&#8217;\u00fas de cookies a trav\u00e9s del teu navegador, per\u00f2, si us plau, tingues en compte que la nostra web pot deixar de funcionar correctament.7.1 <strong>Gestiona les teves prefer\u00e8ncies de consentiment<\/strong>Has carregat la pol\u00edtica de cookies sense compatibilitat amb JavaScript. A l&#8217;AMP, pots utilitzar el bot\u00f3 de gestionar el consentiment a la part inferior de la p\u00e0gina.<\/li>\n\n\n\n<li><strong>Activaci\u00f3\/desactivaci\u00f3 i esborrament de cookies<\/strong>Pots utilitzar el teu navegador d&#8217;Internet per eliminar les cookies de forma autom\u00e0tica o manual. Tamb\u00e9 pots especificar que certes cookies no es poden col\u00b7locar. Una altra opci\u00f3 \u00e9s canviar els ajustaments del teu navegador d&#8217;Internet perqu\u00e8 rebeis un missatge cada vegada que es col\u00b7loqui una cookie. Per obtenir m\u00e9s informaci\u00f3 sobre aquestes opcions, consulta les instruccions a la secci\u00f3 &#8220;Ajuda&#8221; del teu navegador.Tingues en compte que la nostra web pot no funcionar correctament si totes les cookies estan desactivades. Si esborres les cookies del teu navegador, es tornaran a col\u00b7locar despr\u00e9s del teu consentiment quan tornis a visitar les nostres webs.<\/li>\n\n\n\n<li><strong>Els teus drets respecte a les dades personals<\/strong>Tens els seg\u00fcents drets respecte a les teves dades personals:<ul><li>Dret a saber per qu\u00e8 es necessiten les teves dades personals, qu\u00e8 succeir\u00e0 amb elles i durant quant temps es conservaran.<\/li><li>Dret d&#8217;acc\u00e9s: tens dret a accedir a les teves dades personals que coneixem.<\/li><li>Dret de rectificaci\u00f3: tens dret a completar, rectificar, esborrar o bloquejar les teves dades personals quan ho desitgis.<\/li><li>Si ens dones el teu consentiment per processar les teves dades, tens dret a revocar aquest consentiment i a que s&#8217;esborrin les teves dades personals.<\/li><li>Dret de cessi\u00f3 de les teves dades: tens dret a sol\u00b7licitar totes les teves dades personals al responsable del tractament i a transferir-les \u00edntegrament a un altre responsable del tractament.<\/li><li>Dret d&#8217;oposici\u00f3: pots oposar-te al tractament de les teves dades. Nosaltres complem aix\u00f2, llevat que existeixin motius justificats per al processament.<\/li><\/ul>Per exercir aquests drets, si us plau, contacta amb nosaltres. Si us plau, consulta els detalls de contacte a la part inferior d&#8217;aquesta pol\u00edtica de cookies. Si tens alguna queixa sobre com gestionem les teves dades, ens agradaria que ens ho facis saber, per\u00f2 tamb\u00e9 tens dret a enviar una queixa a l&#8217;autoritat supervisora (l&#8217;autoritat de protecci\u00f3 de dades).<\/li>\n\n\n\n<li><strong>Dades de contacte<\/strong><\/li>\n<\/ol>\n\n\n\n<p>Per preguntes i\/o comentaris sobre la nostra pol\u00edtica de cookies i aquesta declaraci\u00f3, si us plau, contacta amb nosaltres utilitzant les seg\u00fcents dades de contacte:<\/p>\n\n\n\n<p>Carpinter\u00eda de Aluminio Aluminios Iluro, S.L C\/. dels Remences, 56 \u2013 Pol. Ind. Vallveric. 08304 Matar\u00f3 (Barcelona) Espanya Web: <a href=\"https:\/\/www.thecompanywindow.com\/\">www.thecompanywindow.com<\/a> Correu electr\u00f2nic: moc.orulisoinimula@ofni<\/p>\n\n\n\n<p>Aquesta pol\u00edtica de cookies s&#8217;ha sincronitzat amb cookiedatabase.org el 29 de mar\u00e7 del 2021.<\/p>\n\n\n\n<p><strong>TIPUS DE COOKIES SEGONS L&#8217;ENTITAT QUE LES GESTIONI<\/strong><\/p>\n\n\n\n<p>Cookies pr\u00f2pies S\u00f3n aquelles que es recullen pel propi editor per prestar el servei sol\u00b7licitat per l&#8217;usuari.<\/p>\n\n\n\n<p>Cookies de tercers S\u00f3n aquelles que s\u00f3n recollides i gestionades per un tercer, aquestes no es poden considerar pr\u00f2pies.<\/p>\n\n\n\n<p><strong>SEGONS EL TERMINI DE TEMPS QUE ROMANGUIN ACTIVES<\/strong><\/p>\n\n\n\n<p>Cookies de sessi\u00f3 Recullen dades mentre l&#8217;usuari navega per la xarxa amb la finalitat de prestar el servei sol\u00b7licitat.<\/p>\n\n\n\n<p>Cookies persistents S&#8217;emmagatzemen en el terminal i la informaci\u00f3 obtinguda ser\u00e0 utilitzada pel responsable de la cookie amb la finalitat de prestar el servei sol\u00b7licitat.<\/p>\n\n\n\n<p><strong>SEGONS LA SEVA FINALITAT<\/strong><\/p>\n\n\n\n<p>Cookies t\u00e8cniques S\u00f3n les necess\u00e0ries per a la correcta navegaci\u00f3 per la web.<\/p>\n\n\n\n<p>Cookies t\u00e8cniques de personalitzaci\u00f3 Permeten que les caracter\u00edstiques de l&#8217;usuari (idioma) per a la navegaci\u00f3 en la web.<\/p>\n\n\n\n<p>Cookies d&#8217;an\u00e0lisi Permeten al prestador l&#8217;an\u00e0lisi vinculada a la navegaci\u00f3 realitzada per l&#8217;usuari, amb la finalitat de portar un seguiment d&#8217;\u00fas de la p\u00e0gina web, aix\u00ed com les estad\u00edstiques dels continguts m\u00e9s visitats, nombre de visitants, etc.<\/p>\n\n\n\n<p>Cookies publicit\u00e0ries Permetre a l&#8217;editor d&#8217;incloure a la web espais de publicitat, en funci\u00f3 del contingut de la web.<\/p>\n\n\n\n<p>Cookies de publicitat comportamental Permetre a l&#8217;editor incloure publicitat espai segons la informaci\u00f3 obtinguda a trav\u00e9s de l&#8217;usuari els costums de navegaci\u00f3 a la p\u00e0gina web.<\/p>\n\n\n\n<p>Segons l&#8217;article 22.2 de la Llei 34\/2002, del 11 de juliol, de la societat de serveis d&#8217;informaci\u00f3 i de comer\u00e7 electr\u00f2nic (LSSI-CE), Fusteria d&#8217;Alumini Aluminis Iluro, S.L informa de les cookies utilitzades en el nostre lloc web:<\/p>\n\n\n\n<p><strong>TIPUS DE COOKIES<\/strong><\/p>\n\n\n\n<p>Cookies pr\u00f2pies Cookies de tercers Cookies de sessi\u00f3 Cookies persistents<\/p>\n\n\n\n<p><strong>PROP\u00d2SIT<\/strong><\/p>\n\n\n\n<p>Cookies t\u00e8cniques Cookies d&#8217;an\u00e0lisi Cookies publicit\u00e0ries Cookies de publicitat comportamental<\/p>\n\n\n\n<p>Aix\u00ed mateix, FINESTRES PVC BARCELONA SL informa l&#8217;usuari que t\u00e9 la possibilitat de configurar el seu navegador per ser avisat de la recepci\u00f3 de cookies, i si ho desitja, impedir que siguin instal\u00b7lades al seu disc dur. A continuaci\u00f3, oferim enlla\u00e7os a diversos navegadors a trav\u00e9s dels quals pot realitzar aquesta configuraci\u00f3:<\/p>\n\n\n\n<ul class=\"wp-block-list\">\n<li><a href=\"http:\/\/support.mozilla.org\/es\/KB\/habilitar-y-deshabilitar-cookies-que-los-Sitios-We\">Firefox<\/a><\/li>\n\n\n\n<li><a href=\"http:\/\/support.google.com\/Chrome\/bin\/answer.py?HL=es&amp;resposta=95647\">Chrome<\/a><\/li>\n\n\n\n<li><a href=\"http:\/\/windows.microsoft.com\/es-es\/Internet-Explorer\/Delete-Manage-cookies#IE=IE-10\">Explorer<\/a><\/li>\n\n\n\n<li><a href=\"http:\/\/support.apple.com\/KB\/ph5042\">Safari<\/a><\/li>\n\n\n\n<li><a href=\"http:\/\/help.opera.com\/Windows\/11.50\/es-ES\/cookies.html\">Opera<\/a><\/li>\n<\/ul>\n","protected":false},"excerpt":{"rendered":"<p>Una Cookie \u00e9s un fitxer que es descarrega al seu ordinador quan accedeix a determinades p\u00e0gines web. Les cookies permeten a una p\u00e0gina web, entre altres coses, emmagatzemar i recuperar informaci\u00f3 sobre l&#8217;ordinador o els h\u00e0bits de navegaci\u00f3 d&#8217;un usuari i, segons la informaci\u00f3 proporcionada i la manera que vost\u00e8 [&hellip;]<\/p>\n","protected":false},"author":2,"featured_media":0,"parent":0,"menu_order":0,"comment_status":"closed","ping_status":"closed","template":"","meta":{"footnotes":""},"class_list":["post-5529","page","type-page","status-publish","hentry"],"yoast_head":"<!-- This site is optimized with the Yoast SEO plugin v27.4 - https:\/\/yoast.com\/product\/yoast-seo-wordpress\/ -->\n<title>Pol\u00edtica de Cookies - The Company \/ Window Solution<\/title>\n<meta name=\"robots\" content=\"index, follow, max-snippet:-1, max-image-preview:large, max-video-preview:-1\" \/>\n<link rel=\"canonical\" href=\"https:\/\/www.thecompanywindow.com\/ca\/politica-de-cookies\/\" \/>\n<meta property=\"og:locale\" content=\"ca_ES\" \/>\n<meta property=\"og:type\" content=\"article\" \/>\n<meta property=\"og:title\" content=\"Pol\u00edtica de Cookies - The Company \/ Window Solution\" \/>\n<meta property=\"og:description\" content=\"Una Cookie \u00e9s un fitxer que es descarrega al seu ordinador quan accedeix a determinades p\u00e0gines web. Les cookies permeten a una p\u00e0gina web, entre altres coses, emmagatzemar i recuperar informaci\u00f3 sobre l&#8217;ordinador o els h\u00e0bits de navegaci\u00f3 d&#8217;un usuari i, segons la informaci\u00f3 proporcionada i la manera que vost\u00e8 [&hellip;]\" \/>\n<meta property=\"og:url\" content=\"https:\/\/www.thecompanywindow.com\/ca\/politica-de-cookies\/\" \/>\n<meta property=\"og:site_name\" content=\"The Company \/ Window Solution\" \/>\n<meta property=\"article:modified_time\" content=\"2023-12-04T09:33:43+00:00\" \/>\n<meta name=\"twitter:card\" content=\"summary_large_image\" \/>\n<meta name=\"twitter:label1\" content=\"Temps estimat de lectura\" \/>\n\t<meta name=\"twitter:data1\" content=\"7 minuts\" \/>\n<script type=\"application\/ld+json\" class=\"yoast-schema-graph\">{\"@context\":\"https:\\\/\\\/schema.org\",\"@graph\":[{\"@type\":\"WebPage\",\"@id\":\"https:\\\/\\\/www.thecompanywindow.com\\\/ca\\\/politica-de-cookies\\\/\",\"url\":\"https:\\\/\\\/www.thecompanywindow.com\\\/ca\\\/politica-de-cookies\\\/\",\"name\":\"Pol\u00edtica de Cookies - The Company \\\/ Window Solution\",\"isPartOf\":{\"@id\":\"https:\\\/\\\/www.thecompanywindow.com\\\/#website\"},\"datePublished\":\"2023-11-09T14:51:20+00:00\",\"dateModified\":\"2023-12-04T09:33:43+00:00\",\"breadcrumb\":{\"@id\":\"https:\\\/\\\/www.thecompanywindow.com\\\/ca\\\/politica-de-cookies\\\/#breadcrumb\"},\"inLanguage\":\"ca\",\"potentialAction\":[{\"@type\":\"ReadAction\",\"target\":[\"https:\\\/\\\/www.thecompanywindow.com\\\/ca\\\/politica-de-cookies\\\/\"]}]},{\"@type\":\"BreadcrumbList\",\"@id\":\"https:\\\/\\\/www.thecompanywindow.com\\\/ca\\\/politica-de-cookies\\\/#breadcrumb\",\"itemListElement\":[{\"@type\":\"ListItem\",\"position\":1,\"name\":\"Portada\",\"item\":\"https:\\\/\\\/www.thecompanywindow.com\\\/ca\\\/\"},{\"@type\":\"ListItem\",\"position\":2,\"name\":\"Pol\u00edtica de Cookies\"}]},{\"@type\":\"WebSite\",\"@id\":\"https:\\\/\\\/www.thecompanywindow.com\\\/#website\",\"url\":\"https:\\\/\\\/www.thecompanywindow.com\\\/\",\"name\":\"The Company Window\",\"description\":\"Especialistas en ventanas de aluminio\",\"publisher\":{\"@id\":\"https:\\\/\\\/www.thecompanywindow.com\\\/#organization\"},\"potentialAction\":[{\"@type\":\"SearchAction\",\"target\":{\"@type\":\"EntryPoint\",\"urlTemplate\":\"https:\\\/\\\/www.thecompanywindow.com\\\/?s={search_term_string}\"},\"query-input\":{\"@type\":\"PropertyValueSpecification\",\"valueRequired\":true,\"valueName\":\"search_term_string\"}}],\"inLanguage\":\"ca\"},{\"@type\":\"Organization\",\"@id\":\"https:\\\/\\\/www.thecompanywindow.com\\\/#organization\",\"name\":\"The Company Window\",\"url\":\"https:\\\/\\\/www.thecompanywindow.com\\\/\",\"logo\":{\"@type\":\"ImageObject\",\"inLanguage\":\"ca\",\"@id\":\"https:\\\/\\\/www.thecompanywindow.com\\\/#\\\/schema\\\/logo\\\/image\\\/\",\"url\":\"https:\\\/\\\/www.thecompanywindow.com\\\/wp-content\\\/uploads\\\/2023\\\/03\\\/cropped-logo_theproject.png\",\"contentUrl\":\"https:\\\/\\\/www.thecompanywindow.com\\\/wp-content\\\/uploads\\\/2023\\\/03\\\/cropped-logo_theproject.png\",\"width\":286,\"height\":126,\"caption\":\"The Company Window\"},\"image\":{\"@id\":\"https:\\\/\\\/www.thecompanywindow.com\\\/#\\\/schema\\\/logo\\\/image\\\/\"},\"sameAs\":[\"https:\\\/\\\/www.instagram.com\\\/thecompanypvc\"]}]}<\/script>\n<!-- \/ Yoast SEO plugin. -->","yoast_head_json":{"title":"Pol\u00edtica de Cookies - The Company \/ Window Solution","robots":{"index":"index","follow":"follow","max-snippet":"max-snippet:-1","max-image-preview":"max-image-preview:large","max-video-preview":"max-video-preview:-1"},"canonical":"https:\/\/www.thecompanywindow.com\/ca\/politica-de-cookies\/","og_locale":"ca_ES","og_type":"article","og_title":"Pol\u00edtica de Cookies - The Company \/ Window Solution","og_description":"Una Cookie \u00e9s un fitxer que es descarrega al seu ordinador quan accedeix a determinades p\u00e0gines web. Les cookies permeten a una p\u00e0gina web, entre altres coses, emmagatzemar i recuperar informaci\u00f3 sobre l&#8217;ordinador o els h\u00e0bits de navegaci\u00f3 d&#8217;un usuari i, segons la informaci\u00f3 proporcionada i la manera que vost\u00e8 [&hellip;]","og_url":"https:\/\/www.thecompanywindow.com\/ca\/politica-de-cookies\/","og_site_name":"The Company \/ Window Solution","article_modified_time":"2023-12-04T09:33:43+00:00","twitter_card":"summary_large_image","twitter_misc":{"Temps estimat de lectura":"7 minuts"},"schema":{"@context":"https:\/\/schema.org","@graph":[{"@type":"WebPage","@id":"https:\/\/www.thecompanywindow.com\/ca\/politica-de-cookies\/","url":"https:\/\/www.thecompanywindow.com\/ca\/politica-de-cookies\/","name":"Pol\u00edtica de Cookies - The Company \/ Window Solution","isPartOf":{"@id":"https:\/\/www.thecompanywindow.com\/#website"},"datePublished":"2023-11-09T14:51:20+00:00","dateModified":"2023-12-04T09:33:43+00:00","breadcrumb":{"@id":"https:\/\/www.thecompanywindow.com\/ca\/politica-de-cookies\/#breadcrumb"},"inLanguage":"ca","potentialAction":[{"@type":"ReadAction","target":["https:\/\/www.thecompanywindow.com\/ca\/politica-de-cookies\/"]}]},{"@type":"BreadcrumbList","@id":"https:\/\/www.thecompanywindow.com\/ca\/politica-de-cookies\/#breadcrumb","itemListElement":[{"@type":"ListItem","position":1,"name":"Portada","item":"https:\/\/www.thecompanywindow.com\/ca\/"},{"@type":"ListItem","position":2,"name":"Pol\u00edtica de Cookies"}]},{"@type":"WebSite","@id":"https:\/\/www.thecompanywindow.com\/#website","url":"https:\/\/www.thecompanywindow.com\/","name":"The Company Window","description":"Especialistas en ventanas de aluminio","publisher":{"@id":"https:\/\/www.thecompanywindow.com\/#organization"},"potentialAction":[{"@type":"SearchAction","target":{"@type":"EntryPoint","urlTemplate":"https:\/\/www.thecompanywindow.com\/?s={search_term_string}"},"query-input":{"@type":"PropertyValueSpecification","valueRequired":true,"valueName":"search_term_string"}}],"inLanguage":"ca"},{"@type":"Organization","@id":"https:\/\/www.thecompanywindow.com\/#organization","name":"The Company Window","url":"https:\/\/www.thecompanywindow.com\/","logo":{"@type":"ImageObject","inLanguage":"ca","@id":"https:\/\/www.thecompanywindow.com\/#\/schema\/logo\/image\/","url":"https:\/\/www.thecompanywindow.com\/wp-content\/uploads\/2023\/03\/cropped-logo_theproject.png","contentUrl":"https:\/\/www.thecompanywindow.com\/wp-content\/uploads\/2023\/03\/cropped-logo_theproject.png","width":286,"height":126,"caption":"The Company Window"},"image":{"@id":"https:\/\/www.thecompanywindow.com\/#\/schema\/logo\/image\/"},"sameAs":["https:\/\/www.instagram.com\/thecompanypvc"]}]}},"_links":{"self":[{"href":"https:\/\/www.thecompanywindow.com\/ca\/wp-json\/wp\/v2\/pages\/5529","targetHints":{"allow":["GET"]}}],"collection":[{"href":"https:\/\/www.thecompanywindow.com\/ca\/wp-json\/wp\/v2\/pages"}],"about":[{"href":"https:\/\/www.thecompanywindow.com\/ca\/wp-json\/wp\/v2\/types\/page"}],"author":[{"embeddable":true,"href":"https:\/\/www.thecompanywindow.com\/ca\/wp-json\/wp\/v2\/users\/2"}],"replies":[{"embeddable":true,"href":"https:\/\/www.thecompanywindow.com\/ca\/wp-json\/wp\/v2\/comments?post=5529"}],"version-history":[{"count":2,"href":"https:\/\/www.thecompanywindow.com\/ca\/wp-json\/wp\/v2\/pages\/5529\/revisions"}],"predecessor-version":[{"id":5538,"href":"https:\/\/www.thecompanywindow.com\/ca\/wp-json\/wp\/v2\/pages\/5529\/revisions\/5538"}],"wp:attachment":[{"href":"https:\/\/www.thecompanywindow.com\/ca\/wp-json\/wp\/v2\/media?parent=5529"}],"curies":[{"name":"wp","href":"https:\/\/api.w.org\/{rel}","templated":true}]}}