{"id":5221,"date":"2022-06-06T09:27:20","date_gmt":"2022-06-06T09:27:20","guid":{"rendered":"https:\/\/www.thecompanywindow.com\/pourquoi-tu-devrais-nous-choisir\/"},"modified":"2023-12-04T12:08:42","modified_gmt":"2023-12-04T12:08:42","slug":"pourquoi-tu-devrais-nous-choisir","status":"publish","type":"page","link":"https:\/\/www.thecompanywindow.com\/fr\/pourquoi-tu-devrais-nous-choisir\/","title":{"rendered":"Pourquoi tu devrais nous choisir?"},"content":{"rendered":"\t\t<div data-elementor-type=\"wp-page\" data-elementor-id=\"5221\" class=\"elementor elementor-5221 elementor-2077\" data-elementor-post-type=\"page\">\n\t\t\t\t\t\t<section class=\"elementor-section elementor-top-section elementor-element elementor-element-1449a13 elementor-section-boxed elementor-section-height-default elementor-section-height-default\" data-id=\"1449a13\" data-element_type=\"section\" data-e-type=\"section\">\n\t\t\t\t\t\t<div class=\"elementor-container elementor-column-gap-default\">\n\t\t\t\t\t<div class=\"elementor-column elementor-col-100 elementor-top-column elementor-element elementor-element-0841434\" data-id=\"0841434\" data-element_type=\"column\" data-e-type=\"column\">\n\t\t\t<div class=\"elementor-widget-wrap elementor-element-populated\">\n\t\t\t\t\t\t<div class=\"elementor-element elementor-element-fbfa68a elementor-widget elementor-widget-heading\" data-id=\"fbfa68a\" data-element_type=\"widget\" data-e-type=\"widget\" data-widget_type=\"heading.default\">\n\t\t\t\t<div class=\"elementor-widget-container\">\n\t\t\t\t\t<div class=\"elementor-heading-title elementor-size-default\">Pourquoi tu devrais nous choisir?<\/div>\t\t\t\t<\/div>\n\t\t\t\t<\/div>\n\t\t\t\t<div class=\"elementor-element elementor-element-d587637 elementor-widget elementor-widget-heading\" data-id=\"d587637\" data-element_type=\"widget\" data-e-type=\"widget\" data-widget_type=\"heading.default\">\n\t\t\t\t<div class=\"elementor-widget-container\">\n\t\t\t\t\t<h2 class=\"elementor-heading-title elementor-size-default\">Pourquoi tu devrais nous choisir?<\/h2>\t\t\t\t<\/div>\n\t\t\t\t<\/div>\n\t\t\t\t\t<\/div>\n\t\t<\/div>\n\t\t\t\t\t<\/div>\n\t\t<\/section>\n\t\t\t\t<section class=\"elementor-section elementor-top-section elementor-element elementor-element-150267b elementor-section-boxed elementor-section-height-default elementor-section-height-default\" data-id=\"150267b\" data-element_type=\"section\" data-e-type=\"section\">\n\t\t\t\t\t\t<div class=\"elementor-container elementor-column-gap-default\">\n\t\t\t\t\t<div class=\"elementor-column elementor-col-33 elementor-top-column elementor-element elementor-element-c0bbac2\" data-id=\"c0bbac2\" data-element_type=\"column\" data-e-type=\"column\">\n\t\t\t<div class=\"elementor-widget-wrap elementor-element-populated\">\n\t\t\t\t\t\t<div class=\"elementor-element elementor-element-2392328 elementor-widget elementor-widget-text-editor\" data-id=\"2392328\" data-element_type=\"widget\" data-e-type=\"widget\" data-widget_type=\"text-editor.default\">\n\t\t\t\t<div class=\"elementor-widget-container\">\n\t\t\t\t\t\t\t\t\t<p>The Company est une entreprise sp\u00e9cialis\u00e9e <strong>dans la fabrication et la distribution de fen\u00eatres en PVC certifi\u00e9es.<\/strong> <strong>Nous disposons de machines de derni\u00e8re technologie<\/strong>, ce qui nous permet d&rsquo;obtenir des finitions de qualit\u00e9 sup\u00e9rieure et une capacit\u00e9 de production \u00e9lev\u00e9e qui nous permet d&rsquo;\u00eatre comp\u00e9titifs dans les d\u00e9lais de livraison.<\/p>\n<p><strong>Nous nous engageons dans la durabilit\u00e9 en recyclant toutes les parties exc\u00e9dentaires de chaque profil\u00e9, ce qui fait que le slogan qui nous d\u00e9finit le mieux r\u00e9pond aux exigences de nos clients.<\/strong><\/p>\n\t\t\t\t\t\t\t\t<\/div>\n\t\t\t\t<\/div>\n\t\t\t\t\t<\/div>\n\t\t<\/div>\n\t\t\t\t<div class=\"elementor-column elementor-col-33 elementor-top-column elementor-element elementor-element-f999285\" data-id=\"f999285\" data-element_type=\"column\" data-e-type=\"column\">\n\t\t\t<div class=\"elementor-widget-wrap\">\n\t\t\t\t\t\t\t<\/div>\n\t\t<\/div>\n\t\t\t\t<div class=\"elementor-column elementor-col-33 elementor-top-column elementor-element elementor-element-7685189\" data-id=\"7685189\" data-element_type=\"column\" data-e-type=\"column\">\n\t\t\t<div class=\"elementor-widget-wrap\">\n\t\t\t\t\t\t\t<\/div>\n\t\t<\/div>\n\t\t\t\t\t<\/div>\n\t\t<\/section>\n\t\t\t\t<section class=\"elementor-section elementor-top-section elementor-element elementor-element-5526cb5 elementor-section-boxed elementor-section-height-default elementor-section-height-default\" data-id=\"5526cb5\" data-element_type=\"section\" data-e-type=\"section\">\n\t\t\t\t\t\t<div class=\"elementor-container elementor-column-gap-default\">\n\t\t\t\t\t<div class=\"elementor-column elementor-col-33 elementor-top-column elementor-element elementor-element-ca31859\" data-id=\"ca31859\" data-element_type=\"column\" data-e-type=\"column\">\n\t\t\t<div class=\"elementor-widget-wrap\">\n\t\t\t\t\t\t\t<\/div>\n\t\t<\/div>\n\t\t\t\t<div class=\"elementor-column elementor-col-33 elementor-top-column elementor-element elementor-element-fd982ee\" data-id=\"fd982ee\" data-element_type=\"column\" data-e-type=\"column\">\n\t\t\t<div class=\"elementor-widget-wrap\">\n\t\t\t\t\t\t\t<\/div>\n\t\t<\/div>\n\t\t\t\t<div class=\"elementor-column elementor-col-33 elementor-top-column elementor-element elementor-element-fec82fb\" data-id=\"fec82fb\" data-element_type=\"column\" data-e-type=\"column\">\n\t\t\t<div class=\"elementor-widget-wrap\">\n\t\t\t\t\t\t\t<\/div>\n\t\t<\/div>\n\t\t\t\t\t<\/div>\n\t\t<\/section>\n\t\t\t\t<section class=\"elementor-section elementor-top-section elementor-element elementor-element-8cb8f84 elementor-section-boxed elementor-section-height-default elementor-section-height-default\" data-id=\"8cb8f84\" data-element_type=\"section\" data-e-type=\"section\">\n\t\t\t\t\t\t\t<div class=\"elementor-background-overlay\"><\/div>\n\t\t\t\t\t\t\t<div class=\"elementor-container elementor-column-gap-default\">\n\t\t\t\t\t<div class=\"elementor-column elementor-col-100 elementor-top-column elementor-element elementor-element-2c1cb60\" data-id=\"2c1cb60\" data-element_type=\"column\" data-e-type=\"column\">\n\t\t\t<div class=\"elementor-widget-wrap elementor-element-populated\">\n\t\t\t\t\t\t<section class=\"elementor-section elementor-inner-section elementor-element elementor-element-e2c2a5e elementor-section-boxed elementor-section-height-default elementor-section-height-default\" data-id=\"e2c2a5e\" data-element_type=\"section\" data-e-type=\"section\">\n\t\t\t\t\t\t<div class=\"elementor-container elementor-column-gap-default\">\n\t\t\t\t\t<div class=\"elementor-column elementor-col-50 elementor-inner-column elementor-element elementor-element-6579e37\" data-id=\"6579e37\" data-element_type=\"column\" data-e-type=\"column\">\n\t\t\t<div class=\"elementor-widget-wrap elementor-element-populated\">\n\t\t\t\t\t\t<div class=\"elementor-element elementor-element-45c4034 elementor-widget elementor-widget-heading\" data-id=\"45c4034\" data-element_type=\"widget\" data-e-type=\"widget\" data-widget_type=\"heading.default\">\n\t\t\t\t<div class=\"elementor-widget-container\">\n\t\t\t\t\t<h2 class=\"elementor-heading-title elementor-size-default\">Nous croyons en l'importance de la la soutenabilit\u00e9 pour un avenir meilleur. <\/h2>\t\t\t\t<\/div>\n\t\t\t\t<\/div>\n\t\t\t\t\t<\/div>\n\t\t<\/div>\n\t\t\t\t<div class=\"elementor-column elementor-col-50 elementor-inner-column elementor-element elementor-element-6894398\" data-id=\"6894398\" data-element_type=\"column\" data-e-type=\"column\">\n\t\t\t<div class=\"elementor-widget-wrap elementor-element-populated\">\n\t\t\t\t\t\t<div class=\"elementor-element elementor-element-e7dc4b9 elementor-widget elementor-widget-text-editor\" data-id=\"e7dc4b9\" data-element_type=\"widget\" data-e-type=\"widget\" data-widget_type=\"text-editor.default\">\n\t\t\t\t<div class=\"elementor-widget-container\">\n\t\t\t\t\t\t\t\t\t<p><strong> Dans notre processus de production, nous recyclons 100 % des chutes exc\u00e9dentaires de chaque coupe, qui vont directement dans des sacs recyclables, o\u00f9 elles seront fondues pour continuer \u00e0 cr\u00e9er des profil\u00e9s pour de nouvelles fen\u00eatres en PVC.<\/strong><\/p>\n\t\t\t\t\t\t\t\t<\/div>\n\t\t\t\t<\/div>\n\t\t\t\t\t<\/div>\n\t\t<\/div>\n\t\t\t\t\t<\/div>\n\t\t<\/section>\n\t\t\t\t\t<\/div>\n\t\t<\/div>\n\t\t\t\t\t<\/div>\n\t\t<\/section>\n\t\t\t\t<\/div>\n\t\t","protected":false},"excerpt":{"rendered":"<p>Pourquoi tu devrais nous choisir? Pourquoi tu devrais nous choisir? The Company est une entreprise sp\u00e9cialis\u00e9e dans la fabrication et la distribution de fen\u00eatres en PVC certifi\u00e9es. Nous disposons de machines de derni\u00e8re technologie, ce qui nous permet d&rsquo;obtenir des finitions de qualit\u00e9 sup\u00e9rieure et une capacit\u00e9 de production \u00e9lev\u00e9e [&hellip;]<\/p>\n","protected":false},"author":2,"featured_media":4562,"parent":0,"menu_order":0,"comment_status":"closed","ping_status":"closed","template":"","meta":{"footnotes":""},"class_list":["post-5221","page","type-page","status-publish","has-post-thumbnail","hentry"],"yoast_head":"<!-- This site is optimized with the Yoast SEO plugin v27.4 - https:\/\/yoast.com\/product\/yoast-seo-wordpress\/ -->\n<title>Pourquoi tu devrais nous choisir? - The Company \/ Window Solution<\/title>\n<meta name=\"robots\" content=\"index, follow, max-snippet:-1, max-image-preview:large, max-video-preview:-1\" \/>\n<link rel=\"canonical\" href=\"https:\/\/www.thecompanywindow.com\/fr\/pourquoi-tu-devrais-nous-choisir\/\" \/>\n<meta property=\"og:locale\" content=\"fr_FR\" \/>\n<meta property=\"og:type\" content=\"article\" \/>\n<meta property=\"og:title\" content=\"Pourquoi tu devrais nous choisir? - The Company \/ Window Solution\" \/>\n<meta property=\"og:description\" content=\"Pourquoi tu devrais nous choisir? Pourquoi tu devrais nous choisir? The Company est une entreprise sp\u00e9cialis\u00e9e dans la fabrication et la distribution de fen\u00eatres en PVC certifi\u00e9es. Nous disposons de machines de derni\u00e8re technologie, ce qui nous permet d&rsquo;obtenir des finitions de qualit\u00e9 sup\u00e9rieure et une capacit\u00e9 de production \u00e9lev\u00e9e [&hellip;]\" \/>\n<meta property=\"og:url\" content=\"https:\/\/www.thecompanywindow.com\/fr\/pourquoi-tu-devrais-nous-choisir\/\" \/>\n<meta property=\"og:site_name\" content=\"The Company \/ Window Solution\" \/>\n<meta property=\"article:modified_time\" content=\"2023-12-04T12:08:42+00:00\" \/>\n<meta property=\"og:image\" content=\"https:\/\/www.thecompanywindow.com\/wp-content\/uploads\/2023\/03\/969-d090-15560649.jpg\" \/>\n\t<meta property=\"og:image:width\" content=\"1920\" \/>\n\t<meta property=\"og:image:height\" content=\"686\" \/>\n\t<meta property=\"og:image:type\" content=\"image\/jpeg\" \/>\n<meta name=\"twitter:card\" content=\"summary_large_image\" \/>\n<meta name=\"twitter:label1\" content=\"Dur\u00e9e de lecture estim\u00e9e\" \/>\n\t<meta name=\"twitter:data1\" content=\"1 minute\" \/>\n<script type=\"application\/ld+json\" class=\"yoast-schema-graph\">{\"@context\":\"https:\\\/\\\/schema.org\",\"@graph\":[{\"@type\":\"WebPage\",\"@id\":\"https:\\\/\\\/www.thecompanywindow.com\\\/fr\\\/pourquoi-tu-devrais-nous-choisir\\\/\",\"url\":\"https:\\\/\\\/www.thecompanywindow.com\\\/fr\\\/pourquoi-tu-devrais-nous-choisir\\\/\",\"name\":\"Pourquoi tu devrais nous choisir? - The Company \\\/ Window Solution\",\"isPartOf\":{\"@id\":\"https:\\\/\\\/www.thecompanywindow.com\\\/#website\"},\"primaryImageOfPage\":{\"@id\":\"https:\\\/\\\/www.thecompanywindow.com\\\/fr\\\/pourquoi-tu-devrais-nous-choisir\\\/#primaryimage\"},\"image\":{\"@id\":\"https:\\\/\\\/www.thecompanywindow.com\\\/fr\\\/pourquoi-tu-devrais-nous-choisir\\\/#primaryimage\"},\"thumbnailUrl\":\"https:\\\/\\\/www.thecompanywindow.com\\\/wp-content\\\/uploads\\\/2023\\\/03\\\/969-d090-15560649.jpg\",\"datePublished\":\"2022-06-06T09:27:20+00:00\",\"dateModified\":\"2023-12-04T12:08:42+00:00\",\"breadcrumb\":{\"@id\":\"https:\\\/\\\/www.thecompanywindow.com\\\/fr\\\/pourquoi-tu-devrais-nous-choisir\\\/#breadcrumb\"},\"inLanguage\":\"fr-FR\",\"potentialAction\":[{\"@type\":\"ReadAction\",\"target\":[\"https:\\\/\\\/www.thecompanywindow.com\\\/fr\\\/pourquoi-tu-devrais-nous-choisir\\\/\"]}]},{\"@type\":\"ImageObject\",\"inLanguage\":\"fr-FR\",\"@id\":\"https:\\\/\\\/www.thecompanywindow.com\\\/fr\\\/pourquoi-tu-devrais-nous-choisir\\\/#primaryimage\",\"url\":\"https:\\\/\\\/www.thecompanywindow.com\\\/wp-content\\\/uploads\\\/2023\\\/03\\\/969-d090-15560649.jpg\",\"contentUrl\":\"https:\\\/\\\/www.thecompanywindow.com\\\/wp-content\\\/uploads\\\/2023\\\/03\\\/969-d090-15560649.jpg\",\"width\":1920,\"height\":686},{\"@type\":\"BreadcrumbList\",\"@id\":\"https:\\\/\\\/www.thecompanywindow.com\\\/fr\\\/pourquoi-tu-devrais-nous-choisir\\\/#breadcrumb\",\"itemListElement\":[{\"@type\":\"ListItem\",\"position\":1,\"name\":\"Portada\",\"item\":\"https:\\\/\\\/www.thecompanywindow.com\\\/fr\\\/\"},{\"@type\":\"ListItem\",\"position\":2,\"name\":\"Pourquoi tu devrais nous choisir?\"}]},{\"@type\":\"WebSite\",\"@id\":\"https:\\\/\\\/www.thecompanywindow.com\\\/#website\",\"url\":\"https:\\\/\\\/www.thecompanywindow.com\\\/\",\"name\":\"The Company Window\",\"description\":\"Especialistas en ventanas de aluminio\",\"publisher\":{\"@id\":\"https:\\\/\\\/www.thecompanywindow.com\\\/#organization\"},\"potentialAction\":[{\"@type\":\"SearchAction\",\"target\":{\"@type\":\"EntryPoint\",\"urlTemplate\":\"https:\\\/\\\/www.thecompanywindow.com\\\/?s={search_term_string}\"},\"query-input\":{\"@type\":\"PropertyValueSpecification\",\"valueRequired\":true,\"valueName\":\"search_term_string\"}}],\"inLanguage\":\"fr-FR\"},{\"@type\":\"Organization\",\"@id\":\"https:\\\/\\\/www.thecompanywindow.com\\\/#organization\",\"name\":\"The Company Window\",\"url\":\"https:\\\/\\\/www.thecompanywindow.com\\\/\",\"logo\":{\"@type\":\"ImageObject\",\"inLanguage\":\"fr-FR\",\"@id\":\"https:\\\/\\\/www.thecompanywindow.com\\\/#\\\/schema\\\/logo\\\/image\\\/\",\"url\":\"https:\\\/\\\/www.thecompanywindow.com\\\/wp-content\\\/uploads\\\/2023\\\/03\\\/cropped-logo_theproject.png\",\"contentUrl\":\"https:\\\/\\\/www.thecompanywindow.com\\\/wp-content\\\/uploads\\\/2023\\\/03\\\/cropped-logo_theproject.png\",\"width\":286,\"height\":126,\"caption\":\"The Company Window\"},\"image\":{\"@id\":\"https:\\\/\\\/www.thecompanywindow.com\\\/#\\\/schema\\\/logo\\\/image\\\/\"},\"sameAs\":[\"https:\\\/\\\/www.instagram.com\\\/thecompanypvc\"]}]}<\/script>\n<!-- \/ Yoast SEO plugin. -->","yoast_head_json":{"title":"Pourquoi tu devrais nous choisir? - The Company \/ Window Solution","robots":{"index":"index","follow":"follow","max-snippet":"max-snippet:-1","max-image-preview":"max-image-preview:large","max-video-preview":"max-video-preview:-1"},"canonical":"https:\/\/www.thecompanywindow.com\/fr\/pourquoi-tu-devrais-nous-choisir\/","og_locale":"fr_FR","og_type":"article","og_title":"Pourquoi tu devrais nous choisir? - The Company \/ Window Solution","og_description":"Pourquoi tu devrais nous choisir? Pourquoi tu devrais nous choisir? The Company est une entreprise sp\u00e9cialis\u00e9e dans la fabrication et la distribution de fen\u00eatres en PVC certifi\u00e9es. Nous disposons de machines de derni\u00e8re technologie, ce qui nous permet d&rsquo;obtenir des finitions de qualit\u00e9 sup\u00e9rieure et une capacit\u00e9 de production \u00e9lev\u00e9e [&hellip;]","og_url":"https:\/\/www.thecompanywindow.com\/fr\/pourquoi-tu-devrais-nous-choisir\/","og_site_name":"The Company \/ Window Solution","article_modified_time":"2023-12-04T12:08:42+00:00","og_image":[{"width":1920,"height":686,"url":"https:\/\/www.thecompanywindow.com\/wp-content\/uploads\/2023\/03\/969-d090-15560649.jpg","type":"image\/jpeg"}],"twitter_card":"summary_large_image","twitter_misc":{"Dur\u00e9e de lecture estim\u00e9e":"1 minute"},"schema":{"@context":"https:\/\/schema.org","@graph":[{"@type":"WebPage","@id":"https:\/\/www.thecompanywindow.com\/fr\/pourquoi-tu-devrais-nous-choisir\/","url":"https:\/\/www.thecompanywindow.com\/fr\/pourquoi-tu-devrais-nous-choisir\/","name":"Pourquoi tu devrais nous choisir? - The Company \/ Window Solution","isPartOf":{"@id":"https:\/\/www.thecompanywindow.com\/#website"},"primaryImageOfPage":{"@id":"https:\/\/www.thecompanywindow.com\/fr\/pourquoi-tu-devrais-nous-choisir\/#primaryimage"},"image":{"@id":"https:\/\/www.thecompanywindow.com\/fr\/pourquoi-tu-devrais-nous-choisir\/#primaryimage"},"thumbnailUrl":"https:\/\/www.thecompanywindow.com\/wp-content\/uploads\/2023\/03\/969-d090-15560649.jpg","datePublished":"2022-06-06T09:27:20+00:00","dateModified":"2023-12-04T12:08:42+00:00","breadcrumb":{"@id":"https:\/\/www.thecompanywindow.com\/fr\/pourquoi-tu-devrais-nous-choisir\/#breadcrumb"},"inLanguage":"fr-FR","potentialAction":[{"@type":"ReadAction","target":["https:\/\/www.thecompanywindow.com\/fr\/pourquoi-tu-devrais-nous-choisir\/"]}]},{"@type":"ImageObject","inLanguage":"fr-FR","@id":"https:\/\/www.thecompanywindow.com\/fr\/pourquoi-tu-devrais-nous-choisir\/#primaryimage","url":"https:\/\/www.thecompanywindow.com\/wp-content\/uploads\/2023\/03\/969-d090-15560649.jpg","contentUrl":"https:\/\/www.thecompanywindow.com\/wp-content\/uploads\/2023\/03\/969-d090-15560649.jpg","width":1920,"height":686},{"@type":"BreadcrumbList","@id":"https:\/\/www.thecompanywindow.com\/fr\/pourquoi-tu-devrais-nous-choisir\/#breadcrumb","itemListElement":[{"@type":"ListItem","position":1,"name":"Portada","item":"https:\/\/www.thecompanywindow.com\/fr\/"},{"@type":"ListItem","position":2,"name":"Pourquoi tu devrais nous choisir?"}]},{"@type":"WebSite","@id":"https:\/\/www.thecompanywindow.com\/#website","url":"https:\/\/www.thecompanywindow.com\/","name":"The Company Window","description":"Especialistas en ventanas de aluminio","publisher":{"@id":"https:\/\/www.thecompanywindow.com\/#organization"},"potentialAction":[{"@type":"SearchAction","target":{"@type":"EntryPoint","urlTemplate":"https:\/\/www.thecompanywindow.com\/?s={search_term_string}"},"query-input":{"@type":"PropertyValueSpecification","valueRequired":true,"valueName":"search_term_string"}}],"inLanguage":"fr-FR"},{"@type":"Organization","@id":"https:\/\/www.thecompanywindow.com\/#organization","name":"The Company Window","url":"https:\/\/www.thecompanywindow.com\/","logo":{"@type":"ImageObject","inLanguage":"fr-FR","@id":"https:\/\/www.thecompanywindow.com\/#\/schema\/logo\/image\/","url":"https:\/\/www.thecompanywindow.com\/wp-content\/uploads\/2023\/03\/cropped-logo_theproject.png","contentUrl":"https:\/\/www.thecompanywindow.com\/wp-content\/uploads\/2023\/03\/cropped-logo_theproject.png","width":286,"height":126,"caption":"The Company Window"},"image":{"@id":"https:\/\/www.thecompanywindow.com\/#\/schema\/logo\/image\/"},"sameAs":["https:\/\/www.instagram.com\/thecompanypvc"]}]}},"_links":{"self":[{"href":"https:\/\/www.thecompanywindow.com\/fr\/wp-json\/wp\/v2\/pages\/5221","targetHints":{"allow":["GET"]}}],"collection":[{"href":"https:\/\/www.thecompanywindow.com\/fr\/wp-json\/wp\/v2\/pages"}],"about":[{"href":"https:\/\/www.thecompanywindow.com\/fr\/wp-json\/wp\/v2\/types\/page"}],"author":[{"embeddable":true,"href":"https:\/\/www.thecompanywindow.com\/fr\/wp-json\/wp\/v2\/users\/2"}],"replies":[{"embeddable":true,"href":"https:\/\/www.thecompanywindow.com\/fr\/wp-json\/wp\/v2\/comments?post=5221"}],"version-history":[{"count":21,"href":"https:\/\/www.thecompanywindow.com\/fr\/wp-json\/wp\/v2\/pages\/5221\/revisions"}],"predecessor-version":[{"id":5902,"href":"https:\/\/www.thecompanywindow.com\/fr\/wp-json\/wp\/v2\/pages\/5221\/revisions\/5902"}],"wp:featuredmedia":[{"embeddable":true,"href":"https:\/\/www.thecompanywindow.com\/fr\/wp-json\/wp\/v2\/media\/4562"}],"wp:attachment":[{"href":"https:\/\/www.thecompanywindow.com\/fr\/wp-json\/wp\/v2\/media?parent=5221"}],"curies":[{"name":"wp","href":"https:\/\/api.w.org\/{rel}","templated":true}]}}