{"id":5442,"date":"2023-06-01T09:16:59","date_gmt":"2023-06-01T09:16:59","guid":{"rendered":"https:\/\/www.thecompanywindow.com\/cortizo\/fenetre-a-battant-a70\/"},"modified":"2023-11-28T03:32:16","modified_gmt":"2023-11-28T03:32:16","slug":"fenetre-a-battant-a70","status":"publish","type":"page","link":"https:\/\/www.thecompanywindow.com\/fr\/cortizo\/fenetre-a-battant-a70\/","title":{"rendered":"Fen\u00eatre \u00e0 battant A70"},"content":{"rendered":"\t\t<div data-elementor-type=\"wp-page\" data-elementor-id=\"5442\" class=\"elementor elementor-5442 elementor-3294\" data-elementor-post-type=\"page\">\n\t\t\t\t\t\t<section class=\"elementor-section elementor-top-section elementor-element elementor-element-0a3ed64 elementor-section-boxed elementor-section-height-default elementor-section-height-default\" data-id=\"0a3ed64\" data-element_type=\"section\" data-e-type=\"section\">\n\t\t\t\t\t\t<div class=\"elementor-container elementor-column-gap-default\">\n\t\t\t\t\t<div class=\"elementor-column elementor-col-100 elementor-top-column elementor-element elementor-element-b8edbc8\" data-id=\"b8edbc8\" data-element_type=\"column\" data-e-type=\"column\">\n\t\t\t<div class=\"elementor-widget-wrap elementor-element-populated\">\n\t\t\t\t\t\t<div class=\"elementor-element elementor-element-d7a430b elementor-widget elementor-widget-text-editor\" data-id=\"d7a430b\" data-element_type=\"widget\" data-e-type=\"widget\" data-widget_type=\"text-editor.default\">\n\t\t\t\t<div class=\"elementor-widget-container\">\n\t\t\t\t\t\t\t\t\t<h2>Fen\u00eatre \u00e0 battant A70<\/h2>\n<p><span data-sheets-root=\"1\" data-sheets-value=\"{&quot;1&quot;:2,&quot;2&quot;:&quot;Syst\u00e8me \u00e0 charni\u00e8res avec une profondeur de cadre de 70 mm et une capacit\u00e9 de vitrage maximale de 42 mm. Son cadre int\u00e9rieur \u00e0 5 chambres et les profils des vantaux lui conf\u00e8rent une grande efficacit\u00e9 \u00e9nerg\u00e9tique avec une valeur de transmission Uw de 0,9 W\/m2K. Possibilit\u00e9 d'avoir des vantaux droits, chanfrein\u00e9s ou courb\u00e9s.&quot;}\" data-sheets-userformat=\"{&quot;2&quot;:771,&quot;3&quot;:{&quot;1&quot;:0},&quot;4&quot;:{&quot;1&quot;:2,&quot;2&quot;:13228792},&quot;11&quot;:4,&quot;12&quot;:0}\">Syst\u00e8me \u00e0 charni\u00e8res avec une profondeur de cadre de 70 mm et une capacit\u00e9 de vitrage maximale de 42 mm. Son cadre int\u00e9rieur \u00e0 5 chambres et les profils des vantaux lui conf\u00e8rent une grande efficacit\u00e9 \u00e9nerg\u00e9tique avec une valeur de transmission Uw de 0,9 W\/m2K. Possibilit\u00e9 d&rsquo;avoir des vantaux droits, chanfrein\u00e9s ou courb\u00e9s.<\/span><\/p>\n\t\t\t\t\t\t\t\t<\/div>\n\t\t\t\t<\/div>\n\t\t\t\t\t<\/div>\n\t\t<\/div>\n\t\t\t\t\t<\/div>\n\t\t<\/section>\n\t\t\t\t<section class=\"elementor-section elementor-top-section elementor-element elementor-element-3f62bde elementor-section-boxed elementor-section-height-default elementor-section-height-default\" data-id=\"3f62bde\" data-element_type=\"section\" data-e-type=\"section\" data-settings=\"{&quot;background_background&quot;:&quot;classic&quot;}\">\n\t\t\t\t\t\t<div class=\"elementor-container elementor-column-gap-default\">\n\t\t\t\t\t<div class=\"elementor-column elementor-col-100 elementor-top-column elementor-element elementor-element-0a0ec5b\" data-id=\"0a0ec5b\" data-element_type=\"column\" data-e-type=\"column\">\n\t\t\t<div class=\"elementor-widget-wrap elementor-element-populated\">\n\t\t\t\t\t\t<div class=\"elementor-element elementor-element-1120ea2 elementor-widget elementor-widget-text-editor\" data-id=\"1120ea2\" data-element_type=\"widget\" data-e-type=\"widget\" data-widget_type=\"text-editor.default\">\n\t\t\t\t<div class=\"elementor-widget-container\">\n\t\t\t\t\t\t\t\t\t<h3>Technical data<\/h3>\n\t\t\t\t\t\t\t\t<\/div>\n\t\t\t\t<\/div>\n\t\t\t\t\t<\/div>\n\t\t<\/div>\n\t\t\t\t\t<\/div>\n\t\t<\/section>\n\t\t\t\t<section class=\"elementor-section elementor-top-section elementor-element elementor-element-859ea9a elementor-section-boxed elementor-section-height-default elementor-section-height-default elementor-invisible\" data-id=\"859ea9a\" data-element_type=\"section\" data-e-type=\"section\" data-settings=\"{&quot;background_background&quot;:&quot;classic&quot;,&quot;animation&quot;:&quot;fadeIn&quot;}\">\n\t\t\t\t\t\t\t<div class=\"elementor-background-overlay\"><\/div>\n\t\t\t\t\t\t\t<div class=\"elementor-container elementor-column-gap-default\">\n\t\t\t\t\t<div class=\"elementor-column elementor-col-100 elementor-top-column elementor-element elementor-element-5dba671\" data-id=\"5dba671\" data-element_type=\"column\" data-e-type=\"column\">\n\t\t\t<div class=\"elementor-widget-wrap elementor-element-populated\">\n\t\t\t\t\t\t<section class=\"elementor-section elementor-inner-section elementor-element elementor-element-e6bd260 elementor-section-boxed elementor-section-height-default elementor-section-height-default\" data-id=\"e6bd260\" data-element_type=\"section\" data-e-type=\"section\" data-settings=\"{&quot;background_background&quot;:&quot;classic&quot;}\">\n\t\t\t\t\t\t<div class=\"elementor-container elementor-column-gap-default\">\n\t\t\t\t\t<div class=\"elementor-column elementor-col-33 elementor-inner-column elementor-element elementor-element-2760ecf\" data-id=\"2760ecf\" data-element_type=\"column\" data-e-type=\"column\">\n\t\t\t<div class=\"elementor-widget-wrap elementor-element-populated\">\n\t\t\t\t\t\t<div class=\"elementor-element elementor-element-4b4d316 elementor-widget elementor-widget-image\" data-id=\"4b4d316\" data-element_type=\"widget\" data-e-type=\"widget\" data-widget_type=\"image.default\">\n\t\t\t\t<div class=\"elementor-widget-container\">\n\t\t\t\t\t\t\t\t\t\t\t\t\t\t\t<img fetchpriority=\"high\" decoding=\"async\" width=\"766\" height=\"875\" src=\"https:\/\/www.thecompanywindow.com\/wp-content\/uploads\/2023\/06\/A70-perfil-1.png\" class=\"attachment-medium_large size-medium_large wp-image-4793\" alt=\"\" srcset=\"https:\/\/www.thecompanywindow.com\/wp-content\/uploads\/2023\/06\/A70-perfil-1.png 766w, https:\/\/www.thecompanywindow.com\/wp-content\/uploads\/2023\/06\/A70-perfil-1-263x300.png 263w, https:\/\/www.thecompanywindow.com\/wp-content\/uploads\/2023\/06\/A70-perfil-1-200x228.png 200w, https:\/\/www.thecompanywindow.com\/wp-content\/uploads\/2023\/06\/A70-perfil-1-394x450.png 394w\" sizes=\"(max-width: 766px) 100vw, 766px\" \/>\t\t\t\t\t\t\t\t\t\t\t\t\t\t\t<\/div>\n\t\t\t\t<\/div>\n\t\t\t\t\t<\/div>\n\t\t<\/div>\n\t\t\t\t<div class=\"elementor-column elementor-col-33 elementor-inner-column elementor-element elementor-element-6aa5fa4\" data-id=\"6aa5fa4\" data-element_type=\"column\" data-e-type=\"column\">\n\t\t\t<div class=\"elementor-widget-wrap elementor-element-populated\">\n\t\t\t\t\t\t<div class=\"elementor-element elementor-element-07fabae elementor-widget elementor-widget-text-editor\" data-id=\"07fabae\" data-element_type=\"widget\" data-e-type=\"widget\" data-widget_type=\"text-editor.default\">\n\t\t\t\t<div class=\"elementor-widget-container\">\n\t\t\t\t\t\t\t\t\t<p>\u00bb Vitrage<br \/>\nMaximum 42 mm<br \/>\nMin. 4 mm<\/p>\n<p>\u00bb Possibilit\u00e9s d&rsquo;ouverture<\/p>\n<p>Ouverture \u00e0 l&rsquo;int\u00e9rieur<br \/>\n\u00c0 battant<br \/>\nOscillo-battante<br \/>\nParall\u00e8le pivotante-inclinable<br \/>\nFen\u00eatre \u00e0 soufflet<br \/>\nFen\u00eatre pliante<\/p>\n<p>\u00c0 ouverture ext\u00e9rieure<br \/>\nPorte \u00e0 battant<\/p>\n<p>\u00a0\u00bb Sections<br \/>\nDormant 70 mm<br \/>\nVantail 70\/80 mm<\/p>\n<p>\u00bb Dimensions maximales du vantail<\/p>\n<p>Fen\u00eatre<br \/>\nLargeur (L) 360-1300 mm<br \/>\nHauteur (h) 450-2300 mm<\/p>\n<p>Porte-fen\u00eatre<br \/>\nLargeur (L) 360-1300 mm<br \/>\nHauteur (h) 600-2400 mm<\/p>\n<p>Porte<br \/>\nLargeur (L) 700-1300 mm<br \/>\nHauteur (h) 600-2500 mm<\/p>\n<p>Poids maximum du vantail<br \/>\nFen\u00eatre de 130 kg<br \/>\n130 kg Fen\u00eatre de balcon<br \/>\nPorte de 160 kg<br \/>\n\u00bbPossibilit\u00e9s esth\u00e9tiques<br \/>\nVantail : droit, courbe ou chanfrein\u00e9<br \/>\nParclose de vitrage: droit ou courbe<br \/>\nConsulter le poids et les dimensions maximales en fonction de la typologie<br \/>\n\u00bb Finitions<br \/>\nBlanc<br \/>\nCouleur<br \/>\nBicolore<br \/>\nImitation du bois<br \/>\nM\u00e9tallis\u00e9<br \/>\n\u00bbTransmittance<br \/>\nUW \u2265 0,9 (w \/ m2k)<br \/>\n\u00ab\u00a0Isolation acoustique<br \/>\nRW jusqu&rsquo;\u00e0 46 dB<br \/>\n\u00bb Perm\u00e9abilit\u00e9 \u00e0 l&rsquo;air<br \/>\n(UNE-EN 12207) Classe 4<br \/>\n\u00bb Etanch\u00e9it\u00e9 \u00e0 l&rsquo;eau<br \/>\n(UNE-EN 12208) Classe E1800<br \/>\n\u00a0\u00bb R\u00e9sistance au vent<br \/>\n(UNE-EN 12210) Classe C5<br \/>\nTest de r\u00e9f\u00e9rence AEV 1,23 x 1,48 m \/ 2 vantaux<\/p>\n\t\t\t\t\t\t\t\t<\/div>\n\t\t\t\t<\/div>\n\t\t\t\t\t<\/div>\n\t\t<\/div>\n\t\t\t\t<div class=\"elementor-column elementor-col-33 elementor-inner-column elementor-element elementor-element-32a4cfc\" data-id=\"32a4cfc\" data-element_type=\"column\" data-e-type=\"column\">\n\t\t\t<div class=\"elementor-widget-wrap elementor-element-populated\">\n\t\t\t\t\t\t\t<\/div>\n\t\t<\/div>\n\t\t\t\t\t<\/div>\n\t\t<\/section>\n\t\t\t\t\t<\/div>\n\t\t<\/div>\n\t\t\t\t\t<\/div>\n\t\t<\/section>\n\t\t\t\t<section class=\"elementor-section elementor-top-section elementor-element elementor-element-ee96cde elementor-section-stretched elementor-section-boxed elementor-section-height-default elementor-section-height-default elementor-invisible\" data-id=\"ee96cde\" data-element_type=\"section\" data-e-type=\"section\" data-settings=\"{&quot;stretch_section&quot;:&quot;section-stretched&quot;,&quot;background_background&quot;:&quot;gradient&quot;,&quot;animation&quot;:&quot;fadeIn&quot;}\">\n\t\t\t\t\t\t<div class=\"elementor-container elementor-column-gap-default\">\n\t\t\t\t\t<div class=\"elementor-column elementor-col-100 elementor-top-column elementor-element elementor-element-ff8f5c2\" data-id=\"ff8f5c2\" data-element_type=\"column\" data-e-type=\"column\">\n\t\t\t<div class=\"elementor-widget-wrap elementor-element-populated\">\n\t\t\t\t\t\t<div class=\"elementor-element elementor-element-08e2a63 elementor-widget elementor-widget-owl-carousel-elementor\" data-id=\"08e2a63\" data-element_type=\"widget\" data-e-type=\"widget\" data-widget_type=\"owl-carousel-elementor.default\">\n\t\t\t\t<div class=\"elementor-widget-container\">\n\t\t\t\t\t<div class='js-owce-carousel-container owce-carousel-container  owce-carousel-no-nav-tablet owce-carousel-no-nav-mobile owce-carousel-08e2a63'><div id=\"owce-carousel-08e2a63\" class=\"owl-carousel owl-theme js-owce-carousel owce-carousel owce-carousel-image owce-carousel-image-one\" data-options=\"{&quot;field_prefix&quot;:&quot;carousel_&quot;,&quot;layout&quot;:&quot;image&quot;,&quot;rtl&quot;:false,&quot;items_count&quot;:3,&quot;items_count_tablet&quot;:null,&quot;items_count_mobile&quot;:null,&quot;items_slideby&quot;:1,&quot;items_slideby_tablet&quot;:null,&quot;items_slideby_mobile&quot;:null,&quot;margin&quot;:10,&quot;margin_tablet&quot;:0,&quot;margin_mobile&quot;:0,&quot;nav&quot;:&quot;yes&quot;,&quot;nav_tablet&quot;:null,&quot;nav_mobile&quot;:null,&quot;dots&quot;:&quot;yes&quot;,&quot;dots_tablet&quot;:null,&quot;dots_mobile&quot;:null,&quot;autoplay&quot;:&quot;yes&quot;,&quot;autoplay_timeout&quot;:5000,&quot;autoplay_hover_pause&quot;:false,&quot;animate_in&quot;:&quot;&quot;,&quot;animate_out&quot;:&quot;&quot;,&quot;rewind&quot;:&quot;&quot;,&quot;loop&quot;:&quot;&quot;,&quot;loop_tablet&quot;:null,&quot;loop_mobile&quot;:null,&quot;smart_speed&quot;:500,&quot;lazyLoad&quot;:&quot;&quot;,&quot;auto_height&quot;:&quot;&quot;,&quot;mouse_drag&quot;:&quot;yes&quot;,&quot;touch_drag&quot;:&quot;yes&quot;}\">\t\t\t\t\t\t<div class=\"item carousel-item-d2ef0fb elementor-animation-float\">\n\t\t\t\t<div class=\"owl-thumb\">\n    <img decoding=\"async\" width=\"600\" height=\"392\" src=\"https:\/\/www.thecompanywindow.com\/wp-content\/uploads\/2023\/06\/cortizo-slide-a70-2-600x392.jpg\" class=\"attachment-owl_elementor_thumbnail size-owl_elementor_thumbnail wp-image-3277\" alt=\"\" srcset=\"https:\/\/www.thecompanywindow.com\/wp-content\/uploads\/2023\/06\/cortizo-slide-a70-2-600x392.jpg 600w, https:\/\/www.thecompanywindow.com\/wp-content\/uploads\/2023\/06\/cortizo-slide-a70-2-300x196.jpg 300w, https:\/\/www.thecompanywindow.com\/wp-content\/uploads\/2023\/06\/cortizo-slide-a70-2-768x502.jpg 768w, https:\/\/www.thecompanywindow.com\/wp-content\/uploads\/2023\/06\/cortizo-slide-a70-2-200x131.jpg 200w, https:\/\/www.thecompanywindow.com\/wp-content\/uploads\/2023\/06\/cortizo-slide-a70-2.jpg 1024w\" sizes=\"(max-width: 600px) 100vw, 600px\" \/><\/div>\n\t\t\t<\/div>\n\t\t\t\t\t\t\t\t<div class=\"item carousel-item-912a274 elementor-animation-float\">\n\t\t\t\t<div class=\"owl-thumb\">\n    <img decoding=\"async\" width=\"600\" height=\"392\" src=\"https:\/\/www.thecompanywindow.com\/wp-content\/uploads\/2023\/06\/cortizo-slide-a70-600x392.jpg\" class=\"attachment-owl_elementor_thumbnail size-owl_elementor_thumbnail wp-image-3276\" alt=\"\" srcset=\"https:\/\/www.thecompanywindow.com\/wp-content\/uploads\/2023\/06\/cortizo-slide-a70-600x392.jpg 600w, https:\/\/www.thecompanywindow.com\/wp-content\/uploads\/2023\/06\/cortizo-slide-a70-300x196.jpg 300w, https:\/\/www.thecompanywindow.com\/wp-content\/uploads\/2023\/06\/cortizo-slide-a70-768x502.jpg 768w, https:\/\/www.thecompanywindow.com\/wp-content\/uploads\/2023\/06\/cortizo-slide-a70-200x131.jpg 200w, https:\/\/www.thecompanywindow.com\/wp-content\/uploads\/2023\/06\/cortizo-slide-a70.jpg 1024w\" sizes=\"(max-width: 600px) 100vw, 600px\" \/><\/div>\n\t\t\t<\/div>\n\t\t<\/div><\/div>\t\t\t\t<\/div>\n\t\t\t\t<\/div>\n\t\t\t\t\t<\/div>\n\t\t<\/div>\n\t\t\t\t\t<\/div>\n\t\t<\/section>\n\t\t\t\t<\/div>\n\t\t","protected":false},"excerpt":{"rendered":"<p>Fen\u00eatre \u00e0 battant A70 Syst\u00e8me \u00e0 charni\u00e8res avec une profondeur de cadre de 70 mm et une capacit\u00e9 de vitrage maximale de 42 mm. Son cadre int\u00e9rieur \u00e0 5 chambres et les profils des vantaux lui conf\u00e8rent une grande efficacit\u00e9 \u00e9nerg\u00e9tique avec une valeur de transmission Uw de 0,9 W\/m2K. [&hellip;]<\/p>\n","protected":false},"author":2,"featured_media":4781,"parent":5438,"menu_order":0,"comment_status":"closed","ping_status":"closed","template":"","meta":{"footnotes":""},"class_list":["post-5442","page","type-page","status-publish","has-post-thumbnail","hentry"],"yoast_head":"<!-- This site is optimized with the Yoast SEO plugin v27.4 - https:\/\/yoast.com\/product\/yoast-seo-wordpress\/ -->\n<title>Fen\u00eatre \u00e0 battant A70 - The Company \/ Window Solution<\/title>\n<meta name=\"robots\" content=\"index, follow, max-snippet:-1, max-image-preview:large, max-video-preview:-1\" \/>\n<link rel=\"canonical\" href=\"https:\/\/www.thecompanywindow.com\/fr\/cortizo\/fenetre-a-battant-a70\/\" \/>\n<meta property=\"og:locale\" content=\"fr_FR\" \/>\n<meta property=\"og:type\" content=\"article\" \/>\n<meta property=\"og:title\" content=\"Fen\u00eatre \u00e0 battant A70 - The Company \/ Window Solution\" \/>\n<meta property=\"og:description\" content=\"Fen\u00eatre \u00e0 battant A70 Syst\u00e8me \u00e0 charni\u00e8res avec une profondeur de cadre de 70 mm et une capacit\u00e9 de vitrage maximale de 42 mm. Son cadre int\u00e9rieur \u00e0 5 chambres et les profils des vantaux lui conf\u00e8rent une grande efficacit\u00e9 \u00e9nerg\u00e9tique avec une valeur de transmission Uw de 0,9 W\/m2K. [&hellip;]\" \/>\n<meta property=\"og:url\" content=\"https:\/\/www.thecompanywindow.com\/fr\/cortizo\/fenetre-a-battant-a70\/\" \/>\n<meta property=\"og:site_name\" content=\"The Company \/ Window Solution\" \/>\n<meta property=\"article:modified_time\" content=\"2023-11-28T03:32:16+00:00\" \/>\n<meta property=\"og:image\" content=\"https:\/\/www.thecompanywindow.com\/wp-content\/uploads\/2023\/06\/cortizo-slide-a70-2.jpg\" \/>\n\t<meta property=\"og:image:width\" content=\"1024\" \/>\n\t<meta property=\"og:image:height\" content=\"669\" \/>\n\t<meta property=\"og:image:type\" content=\"image\/jpeg\" \/>\n<meta name=\"twitter:card\" content=\"summary_large_image\" \/>\n<meta name=\"twitter:label1\" content=\"Dur\u00e9e de lecture estim\u00e9e\" \/>\n\t<meta name=\"twitter:data1\" content=\"1 minute\" \/>\n<script type=\"application\/ld+json\" class=\"yoast-schema-graph\">{\"@context\":\"https:\\\/\\\/schema.org\",\"@graph\":[{\"@type\":\"WebPage\",\"@id\":\"https:\\\/\\\/www.thecompanywindow.com\\\/fr\\\/cortizo\\\/fenetre-a-battant-a70\\\/\",\"url\":\"https:\\\/\\\/www.thecompanywindow.com\\\/fr\\\/cortizo\\\/fenetre-a-battant-a70\\\/\",\"name\":\"Fen\u00eatre \u00e0 battant A70 - The Company \\\/ Window Solution\",\"isPartOf\":{\"@id\":\"https:\\\/\\\/www.thecompanywindow.com\\\/#website\"},\"primaryImageOfPage\":{\"@id\":\"https:\\\/\\\/www.thecompanywindow.com\\\/fr\\\/cortizo\\\/fenetre-a-battant-a70\\\/#primaryimage\"},\"image\":{\"@id\":\"https:\\\/\\\/www.thecompanywindow.com\\\/fr\\\/cortizo\\\/fenetre-a-battant-a70\\\/#primaryimage\"},\"thumbnailUrl\":\"https:\\\/\\\/www.thecompanywindow.com\\\/wp-content\\\/uploads\\\/2023\\\/06\\\/cortizo-slide-a70-2.jpg\",\"datePublished\":\"2023-06-01T09:16:59+00:00\",\"dateModified\":\"2023-11-28T03:32:16+00:00\",\"breadcrumb\":{\"@id\":\"https:\\\/\\\/www.thecompanywindow.com\\\/fr\\\/cortizo\\\/fenetre-a-battant-a70\\\/#breadcrumb\"},\"inLanguage\":\"fr-FR\",\"potentialAction\":[{\"@type\":\"ReadAction\",\"target\":[\"https:\\\/\\\/www.thecompanywindow.com\\\/fr\\\/cortizo\\\/fenetre-a-battant-a70\\\/\"]}]},{\"@type\":\"ImageObject\",\"inLanguage\":\"fr-FR\",\"@id\":\"https:\\\/\\\/www.thecompanywindow.com\\\/fr\\\/cortizo\\\/fenetre-a-battant-a70\\\/#primaryimage\",\"url\":\"https:\\\/\\\/www.thecompanywindow.com\\\/wp-content\\\/uploads\\\/2023\\\/06\\\/cortizo-slide-a70-2.jpg\",\"contentUrl\":\"https:\\\/\\\/www.thecompanywindow.com\\\/wp-content\\\/uploads\\\/2023\\\/06\\\/cortizo-slide-a70-2.jpg\",\"width\":1024,\"height\":669},{\"@type\":\"BreadcrumbList\",\"@id\":\"https:\\\/\\\/www.thecompanywindow.com\\\/fr\\\/cortizo\\\/fenetre-a-battant-a70\\\/#breadcrumb\",\"itemListElement\":[{\"@type\":\"ListItem\",\"position\":1,\"name\":\"Portada\",\"item\":\"https:\\\/\\\/www.thecompanywindow.com\\\/fr\\\/\"},{\"@type\":\"ListItem\",\"position\":2,\"name\":\"Cortizo\",\"item\":\"https:\\\/\\\/www.thecompanywindow.com\\\/fr\\\/cortizo\\\/\"},{\"@type\":\"ListItem\",\"position\":3,\"name\":\"Fen\u00eatre \u00e0 battant A70\"}]},{\"@type\":\"WebSite\",\"@id\":\"https:\\\/\\\/www.thecompanywindow.com\\\/#website\",\"url\":\"https:\\\/\\\/www.thecompanywindow.com\\\/\",\"name\":\"The Company Window\",\"description\":\"Especialistas en ventanas de aluminio\",\"publisher\":{\"@id\":\"https:\\\/\\\/www.thecompanywindow.com\\\/#organization\"},\"potentialAction\":[{\"@type\":\"SearchAction\",\"target\":{\"@type\":\"EntryPoint\",\"urlTemplate\":\"https:\\\/\\\/www.thecompanywindow.com\\\/?s={search_term_string}\"},\"query-input\":{\"@type\":\"PropertyValueSpecification\",\"valueRequired\":true,\"valueName\":\"search_term_string\"}}],\"inLanguage\":\"fr-FR\"},{\"@type\":\"Organization\",\"@id\":\"https:\\\/\\\/www.thecompanywindow.com\\\/#organization\",\"name\":\"The Company Window\",\"url\":\"https:\\\/\\\/www.thecompanywindow.com\\\/\",\"logo\":{\"@type\":\"ImageObject\",\"inLanguage\":\"fr-FR\",\"@id\":\"https:\\\/\\\/www.thecompanywindow.com\\\/#\\\/schema\\\/logo\\\/image\\\/\",\"url\":\"https:\\\/\\\/www.thecompanywindow.com\\\/wp-content\\\/uploads\\\/2023\\\/03\\\/cropped-logo_theproject.png\",\"contentUrl\":\"https:\\\/\\\/www.thecompanywindow.com\\\/wp-content\\\/uploads\\\/2023\\\/03\\\/cropped-logo_theproject.png\",\"width\":286,\"height\":126,\"caption\":\"The Company Window\"},\"image\":{\"@id\":\"https:\\\/\\\/www.thecompanywindow.com\\\/#\\\/schema\\\/logo\\\/image\\\/\"},\"sameAs\":[\"https:\\\/\\\/www.instagram.com\\\/thecompanypvc\"]}]}<\/script>\n<!-- \/ Yoast SEO plugin. -->","yoast_head_json":{"title":"Fen\u00eatre \u00e0 battant A70 - The Company \/ Window Solution","robots":{"index":"index","follow":"follow","max-snippet":"max-snippet:-1","max-image-preview":"max-image-preview:large","max-video-preview":"max-video-preview:-1"},"canonical":"https:\/\/www.thecompanywindow.com\/fr\/cortizo\/fenetre-a-battant-a70\/","og_locale":"fr_FR","og_type":"article","og_title":"Fen\u00eatre \u00e0 battant A70 - The Company \/ Window Solution","og_description":"Fen\u00eatre \u00e0 battant A70 Syst\u00e8me \u00e0 charni\u00e8res avec une profondeur de cadre de 70 mm et une capacit\u00e9 de vitrage maximale de 42 mm. Son cadre int\u00e9rieur \u00e0 5 chambres et les profils des vantaux lui conf\u00e8rent une grande efficacit\u00e9 \u00e9nerg\u00e9tique avec une valeur de transmission Uw de 0,9 W\/m2K. [&hellip;]","og_url":"https:\/\/www.thecompanywindow.com\/fr\/cortizo\/fenetre-a-battant-a70\/","og_site_name":"The Company \/ Window Solution","article_modified_time":"2023-11-28T03:32:16+00:00","og_image":[{"width":1024,"height":669,"url":"https:\/\/www.thecompanywindow.com\/wp-content\/uploads\/2023\/06\/cortizo-slide-a70-2.jpg","type":"image\/jpeg"}],"twitter_card":"summary_large_image","twitter_misc":{"Dur\u00e9e de lecture estim\u00e9e":"1 minute"},"schema":{"@context":"https:\/\/schema.org","@graph":[{"@type":"WebPage","@id":"https:\/\/www.thecompanywindow.com\/fr\/cortizo\/fenetre-a-battant-a70\/","url":"https:\/\/www.thecompanywindow.com\/fr\/cortizo\/fenetre-a-battant-a70\/","name":"Fen\u00eatre \u00e0 battant A70 - The Company \/ Window Solution","isPartOf":{"@id":"https:\/\/www.thecompanywindow.com\/#website"},"primaryImageOfPage":{"@id":"https:\/\/www.thecompanywindow.com\/fr\/cortizo\/fenetre-a-battant-a70\/#primaryimage"},"image":{"@id":"https:\/\/www.thecompanywindow.com\/fr\/cortizo\/fenetre-a-battant-a70\/#primaryimage"},"thumbnailUrl":"https:\/\/www.thecompanywindow.com\/wp-content\/uploads\/2023\/06\/cortizo-slide-a70-2.jpg","datePublished":"2023-06-01T09:16:59+00:00","dateModified":"2023-11-28T03:32:16+00:00","breadcrumb":{"@id":"https:\/\/www.thecompanywindow.com\/fr\/cortizo\/fenetre-a-battant-a70\/#breadcrumb"},"inLanguage":"fr-FR","potentialAction":[{"@type":"ReadAction","target":["https:\/\/www.thecompanywindow.com\/fr\/cortizo\/fenetre-a-battant-a70\/"]}]},{"@type":"ImageObject","inLanguage":"fr-FR","@id":"https:\/\/www.thecompanywindow.com\/fr\/cortizo\/fenetre-a-battant-a70\/#primaryimage","url":"https:\/\/www.thecompanywindow.com\/wp-content\/uploads\/2023\/06\/cortizo-slide-a70-2.jpg","contentUrl":"https:\/\/www.thecompanywindow.com\/wp-content\/uploads\/2023\/06\/cortizo-slide-a70-2.jpg","width":1024,"height":669},{"@type":"BreadcrumbList","@id":"https:\/\/www.thecompanywindow.com\/fr\/cortizo\/fenetre-a-battant-a70\/#breadcrumb","itemListElement":[{"@type":"ListItem","position":1,"name":"Portada","item":"https:\/\/www.thecompanywindow.com\/fr\/"},{"@type":"ListItem","position":2,"name":"Cortizo","item":"https:\/\/www.thecompanywindow.com\/fr\/cortizo\/"},{"@type":"ListItem","position":3,"name":"Fen\u00eatre \u00e0 battant A70"}]},{"@type":"WebSite","@id":"https:\/\/www.thecompanywindow.com\/#website","url":"https:\/\/www.thecompanywindow.com\/","name":"The Company Window","description":"Especialistas en ventanas de aluminio","publisher":{"@id":"https:\/\/www.thecompanywindow.com\/#organization"},"potentialAction":[{"@type":"SearchAction","target":{"@type":"EntryPoint","urlTemplate":"https:\/\/www.thecompanywindow.com\/?s={search_term_string}"},"query-input":{"@type":"PropertyValueSpecification","valueRequired":true,"valueName":"search_term_string"}}],"inLanguage":"fr-FR"},{"@type":"Organization","@id":"https:\/\/www.thecompanywindow.com\/#organization","name":"The Company Window","url":"https:\/\/www.thecompanywindow.com\/","logo":{"@type":"ImageObject","inLanguage":"fr-FR","@id":"https:\/\/www.thecompanywindow.com\/#\/schema\/logo\/image\/","url":"https:\/\/www.thecompanywindow.com\/wp-content\/uploads\/2023\/03\/cropped-logo_theproject.png","contentUrl":"https:\/\/www.thecompanywindow.com\/wp-content\/uploads\/2023\/03\/cropped-logo_theproject.png","width":286,"height":126,"caption":"The Company Window"},"image":{"@id":"https:\/\/www.thecompanywindow.com\/#\/schema\/logo\/image\/"},"sameAs":["https:\/\/www.instagram.com\/thecompanypvc"]}]}},"_links":{"self":[{"href":"https:\/\/www.thecompanywindow.com\/fr\/wp-json\/wp\/v2\/pages\/5442","targetHints":{"allow":["GET"]}}],"collection":[{"href":"https:\/\/www.thecompanywindow.com\/fr\/wp-json\/wp\/v2\/pages"}],"about":[{"href":"https:\/\/www.thecompanywindow.com\/fr\/wp-json\/wp\/v2\/types\/page"}],"author":[{"embeddable":true,"href":"https:\/\/www.thecompanywindow.com\/fr\/wp-json\/wp\/v2\/users\/2"}],"replies":[{"embeddable":true,"href":"https:\/\/www.thecompanywindow.com\/fr\/wp-json\/wp\/v2\/comments?post=5442"}],"version-history":[{"count":3,"href":"https:\/\/www.thecompanywindow.com\/fr\/wp-json\/wp\/v2\/pages\/5442\/revisions"}],"predecessor-version":[{"id":5447,"href":"https:\/\/www.thecompanywindow.com\/fr\/wp-json\/wp\/v2\/pages\/5442\/revisions\/5447"}],"up":[{"embeddable":true,"href":"https:\/\/www.thecompanywindow.com\/fr\/wp-json\/wp\/v2\/pages\/5438"}],"wp:featuredmedia":[{"embeddable":true,"href":"https:\/\/www.thecompanywindow.com\/fr\/wp-json\/wp\/v2\/media\/4781"}],"wp:attachment":[{"href":"https:\/\/www.thecompanywindow.com\/fr\/wp-json\/wp\/v2\/media?parent=5442"}],"curies":[{"name":"wp","href":"https:\/\/api.w.org\/{rel}","templated":true}]}}